{"id":120,"date":"2021-12-09T00:23:30","date_gmt":"2021-12-08T23:23:30","guid":{"rendered":"https:\/\/luminforum.com\/pl\/?page_id=120"},"modified":"2025-02-09T00:44:31","modified_gmt":"2025-02-08T23:44:31","slug":"podstawy","status":"publish","type":"page","link":"https:\/\/luminforum.com\/pl\/artykuly\/podstawy\/","title":{"rendered":"Podstawy"},"content":{"rendered":"\t\t<div data-elementor-type=\"wp-page\" data-elementor-id=\"120\" class=\"elementor elementor-120\">\n\t\t\t\t\t\t<section class=\"elementor-section elementor-top-section elementor-element elementor-element-b6a1eee elementor-section-boxed elementor-section-height-default elementor-section-height-default\" data-id=\"b6a1eee\" data-element_type=\"section\" data-settings=\"{&quot;background_background&quot;:&quot;gradient&quot;}\">\n\t\t\t\t\t\t<div class=\"elementor-container elementor-column-gap-custom\">\n\t\t\t\t\t<div class=\"elementor-column elementor-col-50 elementor-top-column elementor-element elementor-element-ba42bd2\" data-id=\"ba42bd2\" data-element_type=\"column\">\n\t\t\t<div class=\"elementor-widget-wrap elementor-element-populated\">\n\t\t\t\t\t\t<div class=\"elementor-element elementor-element-cdf92d8 elementor-widget elementor-widget-image\" data-id=\"cdf92d8\" data-element_type=\"widget\" data-widget_type=\"image.default\">\n\t\t\t\t<div class=\"elementor-widget-container\">\n\t\t\t\t\t\t\t\t\t\t\t\t\t\t\t<img decoding=\"async\" src=\"https:\/\/luminforum.com\/pl\/wp-content\/uploads\/sites\/3\/2023\/01\/basic-light-metrics-lux-candela-lumen-cct-unit-cie.svg\" title=\"\u015bwiat\u0142o jednostki candela lux lumen luminforum\" alt=\"\u015bwiat\u0142o jednostki candela lux lumen luminforum\" loading=\"lazy\" \/>\t\t\t\t\t\t\t\t\t\t\t\t\t\t\t<\/div>\n\t\t\t\t<\/div>\n\t\t\t\t\t<\/div>\n\t\t<\/div>\n\t\t\t\t<div class=\"elementor-column elementor-col-50 elementor-top-column elementor-element elementor-element-df982d5\" data-id=\"df982d5\" data-element_type=\"column\">\n\t\t\t<div class=\"elementor-widget-wrap elementor-element-populated\">\n\t\t\t\t\t\t<div class=\"elementor-element elementor-element-8efc873 elementor-widget elementor-widget-heading\" data-id=\"8efc873\" data-element_type=\"widget\" data-widget_type=\"heading.default\">\n\t\t\t\t<div class=\"elementor-widget-container\">\n\t\t\t\t\t<h2 class=\"elementor-heading-title elementor-size-default\">Podstawy<\/h2>\t\t\t\t<\/div>\n\t\t\t\t<\/div>\n\t\t\t\t<div class=\"elementor-element elementor-element-375ce4c elementor-widget__width-initial elementor-widget elementor-widget-text-editor\" data-id=\"375ce4c\" data-element_type=\"widget\" data-widget_type=\"text-editor.default\">\n\t\t\t\t<div class=\"elementor-widget-container\">\n\t\t\t\t\t\t\t\t\tCzym jest \u015bwiat\u0142o? Czym si\u0119 cechuje? Dlaczego jest tak wa\u017cne?\t\t\t\t\t\t\t\t<\/div>\n\t\t\t\t<\/div>\n\t\t\t\t<div class=\"elementor-element elementor-element-1d25414 elementor-widget elementor-widget-text-editor\" data-id=\"1d25414\" data-element_type=\"widget\" data-widget_type=\"text-editor.default\">\n\t\t\t\t<div class=\"elementor-widget-container\">\n\t\t\t\t\t\t\t\t\tTu znajdziesz informacje o podstawowych terminach, prawach  i fizycznych w\u0142a\u015bciwo\u015bciach \u015bwiat\u0142a. Odpowiadamy na najcz\u0119\u015bciej zadawane pytania, proponujemy rozwi\u0105zania, potwierdzamy fakty i obalamy mity.\t\t\t\t\t\t\t\t<\/div>\n\t\t\t\t<\/div>\n\t\t\t\t<div class=\"elementor-element elementor-element-9646ef7 elementor-widget elementor-widget-text-editor\" data-id=\"9646ef7\" data-element_type=\"widget\" data-widget_type=\"text-editor.default\">\n\t\t\t\t<div class=\"elementor-widget-container\">\n\t\t\t\t\t\t\t\t\tWszystkie elementarne zagadnienia dotycz\u0105ce \u015bwiat\u0142a staramy si\u0119 przybli\u017cy\u0107 korzystaj\u0105c z tre\u015bciwych artyku\u0142\u00f3w i czytelnych infografik.\t\t\t\t\t\t\t\t<\/div>\n\t\t\t\t<\/div>\n\t\t\t\t\t<\/div>\n\t\t<\/div>\n\t\t\t\t\t<\/div>\n\t\t<\/section>\n\t\t\t\t<section class=\"elementor-section elementor-top-section elementor-element elementor-element-0654739 elementor-section-boxed elementor-section-height-default elementor-section-height-default\" data-id=\"0654739\" data-element_type=\"section\" data-settings=\"{&quot;background_background&quot;:&quot;classic&quot;}\">\n\t\t\t\t\t\t<div class=\"elementor-container elementor-column-gap-default\">\n\t\t\t\t\t<div class=\"elementor-column elementor-col-100 elementor-top-column elementor-element elementor-element-0bafa2a\" data-id=\"0bafa2a\" data-element_type=\"column\">\n\t\t\t<div class=\"elementor-widget-wrap elementor-element-populated\">\n\t\t\t\t\t\t<section class=\"elementor-section elementor-inner-section elementor-element elementor-element-6346d8d elementor-section-boxed elementor-section-height-default elementor-section-height-default\" data-id=\"6346d8d\" data-element_type=\"section\">\n\t\t\t\t\t\t<div class=\"elementor-container elementor-column-gap-default\">\n\t\t\t\t\t<div class=\"elementor-column elementor-col-33 elementor-inner-column elementor-element elementor-element-b6abd3b\" data-id=\"b6abd3b\" data-element_type=\"column\">\n\t\t\t<div class=\"elementor-widget-wrap elementor-element-populated\">\n\t\t\t\t\t\t<div class=\"elementor-element elementor-element-31f4a7c elementor-widget elementor-widget-image\" data-id=\"31f4a7c\" data-element_type=\"widget\" data-widget_type=\"image.default\">\n\t\t\t\t<div class=\"elementor-widget-container\">\n\t\t\t\t\t\t\t\t\t\t\t\t\t\t\t\t<a href=\"https:\/\/luminforum.com\/pl\/artykuly\/podstawy\/czym-jest-swiatlo\/\">\n\t\t\t\t\t\t\t<img decoding=\"async\" src=\"https:\/\/luminforum.com\/pl\/wp-content\/uploads\/sites\/3\/2024\/10\/basics-1-title-curves.svg\" title=\"czym jest \u015bwiat\u0142o blog\" alt=\"czym jest \u015bwiat\u0142o blog\" class=\"elementor-animation-grow\" loading=\"lazy\" \/>\t\t\t\t\t\t\t\t<\/a>\n\t\t\t\t\t\t\t\t\t\t\t\t\t\t\t<\/div>\n\t\t\t\t<\/div>\n\t\t\t\t<div class=\"elementor-element elementor-element-10638d2 elementor-align-center elementor-mobile-align-center elementor-widget elementor-widget-button\" data-id=\"10638d2\" data-element_type=\"widget\" data-widget_type=\"button.default\">\n\t\t\t\t<div class=\"elementor-widget-container\">\n\t\t\t\t\t\t\t\t\t<div class=\"elementor-button-wrapper\">\n\t\t\t\t\t<a class=\"elementor-button elementor-button-link elementor-size-lg elementor-animation-grow\" href=\"https:\/\/luminforum.com\/pl\/artykuly\/podstawy\/czym-jest-swiatlo\/\">\n\t\t\t\t\t\t<span class=\"elementor-button-content-wrapper\">\n\t\t\t\t\t\t\t\t\t<span class=\"elementor-button-text\">Czym jest \u015bwiat\u0142o?<\/span>\n\t\t\t\t\t<\/span>\n\t\t\t\t\t<\/a>\n\t\t\t\t<\/div>\n\t\t\t\t\t\t\t\t<\/div>\n\t\t\t\t<\/div>\n\t\t\t\t<div class=\"elementor-element elementor-element-9b893d7 elementor-widget elementor-widget-text-editor\" data-id=\"9b893d7\" data-element_type=\"widget\" data-widget_type=\"text-editor.default\">\n\t\t\t\t<div class=\"elementor-widget-container\">\n\t\t\t\t\t\t\t\t\tWszystko, co musisz wiedzie\u0107 na pocz\u0105tek. Czym jest \u015bwiato? Sk\u0105d pochodzi? Podstawowe terminy.\t\t\t\t\t\t\t\t<\/div>\n\t\t\t\t<\/div>\n\t\t\t\t<div class=\"elementor-element elementor-element-7194cdf elementor-align-left elementor-mobile-align-left elementor-widget elementor-widget-button\" data-id=\"7194cdf\" data-element_type=\"widget\" data-widget_type=\"button.default\">\n\t\t\t\t<div class=\"elementor-widget-container\">\n\t\t\t\t\t\t\t\t\t<div class=\"elementor-button-wrapper\">\n\t\t\t\t\t<a class=\"elementor-button elementor-button-link elementor-size-lg elementor-animation-grow\" href=\"https:\/\/luminforum.com\/pl\/artykuly\/podstawy\/czym-jest-swiatlo\/\">\n\t\t\t\t\t\t<span class=\"elementor-button-content-wrapper\">\n\t\t\t\t\t\t\t\t\t<span class=\"elementor-button-text\">Wi\u0119cej<\/span>\n\t\t\t\t\t<\/span>\n\t\t\t\t\t<\/a>\n\t\t\t\t<\/div>\n\t\t\t\t\t\t\t\t<\/div>\n\t\t\t\t<\/div>\n\t\t\t\t\t<\/div>\n\t\t<\/div>\n\t\t\t\t<div class=\"elementor-column elementor-col-33 elementor-inner-column elementor-element elementor-element-eb083bd\" data-id=\"eb083bd\" data-element_type=\"column\">\n\t\t\t<div class=\"elementor-widget-wrap elementor-element-populated\">\n\t\t\t\t\t\t<div class=\"elementor-element elementor-element-055cb50 elementor-widget elementor-widget-image\" data-id=\"055cb50\" data-element_type=\"widget\" data-widget_type=\"image.default\">\n\t\t\t\t<div class=\"elementor-widget-container\">\n\t\t\t\t\t\t\t\t\t\t\t\t\t\t\t<img decoding=\"async\" src=\"https:\/\/luminforum.com\/pl\/wp-content\/uploads\/sites\/3\/2023\/08\/basics-2-title-1.svg\" title=\"What is illuminance Luminforum\" alt=\"What is illuminance Luminforum\" class=\"elementor-animation-grow\" loading=\"lazy\" \/>\t\t\t\t\t\t\t\t\t\t\t\t\t\t\t<\/div>\n\t\t\t\t<\/div>\n\t\t\t\t<div class=\"elementor-element elementor-element-1dd421e elementor-align-center elementor-mobile-align-center elementor-widget elementor-widget-button\" data-id=\"1dd421e\" data-element_type=\"widget\" data-widget_type=\"button.default\">\n\t\t\t\t<div class=\"elementor-widget-container\">\n\t\t\t\t\t\t\t\t\t<div class=\"elementor-button-wrapper\">\n\t\t\t\t\t<a class=\"elementor-button elementor-size-lg elementor-animation-grow\" role=\"button\">\n\t\t\t\t\t\t<span class=\"elementor-button-content-wrapper\">\n\t\t\t\t\t\t\t\t\t<span class=\"elementor-button-text\">Nat\u0119\u017cenie o\u015bwietlenia<\/span>\n\t\t\t\t\t<\/span>\n\t\t\t\t\t<\/a>\n\t\t\t\t<\/div>\n\t\t\t\t\t\t\t\t<\/div>\n\t\t\t\t<\/div>\n\t\t\t\t<div class=\"elementor-element elementor-element-7a258cc elementor-widget elementor-widget-text-editor\" data-id=\"7a258cc\" data-element_type=\"widget\" data-widget_type=\"text-editor.default\">\n\t\t\t\t<div class=\"elementor-widget-container\">\n\t\t\t\t\t\t\t\t\tJedna z najpowszechniej u\u017cywanych miar zwi\u0105zanych ze \u015bwiat\u0142em. O czym m\u00f3wi i jak si\u0119 ni\u0105 pos\u0142ugiwa\u0107?\t\t\t\t\t\t\t\t<\/div>\n\t\t\t\t<\/div>\n\t\t\t\t<div class=\"elementor-element elementor-element-71bad22 elementor-align-left elementor-mobile-align-left elementor-widget elementor-widget-button\" data-id=\"71bad22\" data-element_type=\"widget\" data-widget_type=\"button.default\">\n\t\t\t\t<div class=\"elementor-widget-container\">\n\t\t\t\t\t\t\t\t\t<div class=\"elementor-button-wrapper\">\n\t\t\t\t\t<a class=\"elementor-button elementor-size-lg elementor-animation-grow\" role=\"button\">\n\t\t\t\t\t\t<span class=\"elementor-button-content-wrapper\">\n\t\t\t\t\t\t\t\t\t<span class=\"elementor-button-text\">Ju\u017c wkr\u00f3tce<\/span>\n\t\t\t\t\t<\/span>\n\t\t\t\t\t<\/a>\n\t\t\t\t<\/div>\n\t\t\t\t\t\t\t\t<\/div>\n\t\t\t\t<\/div>\n\t\t\t\t\t<\/div>\n\t\t<\/div>\n\t\t\t\t<div class=\"elementor-column elementor-col-33 elementor-inner-column elementor-element elementor-element-91cbe78\" data-id=\"91cbe78\" data-element_type=\"column\">\n\t\t\t<div class=\"elementor-widget-wrap\">\n\t\t\t\t\t\t\t<\/div>\n\t\t<\/div>\n\t\t\t\t\t<\/div>\n\t\t<\/section>\n\t\t\t\t\t<\/div>\n\t\t<\/div>\n\t\t\t\t\t<\/div>\n\t\t<\/section>\n\t\t\t\t<\/div>\n\t\t","protected":false},"excerpt":{"rendered":"<p>Podstawy Czym jest \u015bwiat\u0142o? Czym si\u0119 cechuje? Dlaczego jest tak wa\u017cne?Tu znajdziesz informacje o podstawowych terminach, prawach i fizycznych w\u0142a\u015bciwo\u015bciach \u015bwiat\u0142a. Odpowiadamy na najcz\u0119\u015bciej zadawane pytania, proponujemy rozwi\u0105zania, potwierdzamy fakty i obalamy mity.Wszystkie elementarne zagadnienia dotycz\u0105ce \u015bwiat\u0142a staramy si\u0119 przybli\u017cy\u0107 korzystaj\u0105c z tre\u015bciwych artyku\u0142\u00f3w i czytelnych infografik. Czym jest \u015bwiat\u0142o? Wszystko, co musisz wiedzie\u0107 na&hellip;&nbsp;<a href=\"https:\/\/luminforum.com\/pl\/artykuly\/podstawy\/\" rel=\"bookmark\">Dowiedz si\u0119 wi\u0119cej &raquo;<span class=\"screen-reader-text\">Podstawy<\/span><\/a><\/p>\n","protected":false},"author":1,"featured_media":0,"parent":113,"menu_order":0,"comment_status":"closed","ping_status":"closed","template":"elementor_header_footer","meta":{"neve_meta_sidebar":"","neve_meta_container":"","neve_meta_enable_content_width":"","neve_meta_content_width":0,"neve_meta_title_alignment":"","neve_meta_author_avatar":"","neve_post_elements_order":"","neve_meta_disable_header":"","neve_meta_disable_footer":"","neve_meta_disable_title":"","footnotes":""},"class_list":["post-120","page","type-page","status-publish","hentry"],"_links":{"self":[{"href":"https:\/\/luminforum.com\/pl\/wp-json\/wp\/v2\/pages\/120","targetHints":{"allow":["GET"]}}],"collection":[{"href":"https:\/\/luminforum.com\/pl\/wp-json\/wp\/v2\/pages"}],"about":[{"href":"https:\/\/luminforum.com\/pl\/wp-json\/wp\/v2\/types\/page"}],"author":[{"embeddable":true,"href":"https:\/\/luminforum.com\/pl\/wp-json\/wp\/v2\/users\/1"}],"replies":[{"embeddable":true,"href":"https:\/\/luminforum.com\/pl\/wp-json\/wp\/v2\/comments?post=120"}],"version-history":[{"count":33,"href":"https:\/\/luminforum.com\/pl\/wp-json\/wp\/v2\/pages\/120\/revisions"}],"predecessor-version":[{"id":1735,"href":"https:\/\/luminforum.com\/pl\/wp-json\/wp\/v2\/pages\/120\/revisions\/1735"}],"up":[{"embeddable":true,"href":"https:\/\/luminforum.com\/pl\/wp-json\/wp\/v2\/pages\/113"}],"wp:attachment":[{"href":"https:\/\/luminforum.com\/pl\/wp-json\/wp\/v2\/media?parent=120"}],"curies":[{"name":"wp","href":"https:\/\/api.w.org\/{rel}","templated":true}]}}