{"id":126,"date":"2021-12-09T00:24:41","date_gmt":"2021-12-08T23:24:41","guid":{"rendered":"https:\/\/luminforum.com\/pl\/?page_id=126"},"modified":"2024-11-27T22:51:06","modified_gmt":"2024-11-27T21:51:06","slug":"zrodla-swiatla","status":"publish","type":"page","link":"https:\/\/luminforum.com\/pl\/artykuly\/zrodla-swiatla\/","title":{"rendered":"\u0179r\u00f3d\u0142a \u015bwiat\u0142a"},"content":{"rendered":"\t\t<div data-elementor-type=\"wp-page\" data-elementor-id=\"126\" class=\"elementor elementor-126\">\n\t\t\t\t\t\t<section class=\"elementor-section elementor-top-section elementor-element elementor-element-273dd6d elementor-section-boxed elementor-section-height-default elementor-section-height-default\" data-id=\"273dd6d\" data-element_type=\"section\" data-settings=\"{&quot;background_background&quot;:&quot;gradient&quot;}\">\n\t\t\t\t\t\t<div class=\"elementor-container elementor-column-gap-custom\">\n\t\t\t\t\t<div class=\"elementor-column elementor-col-50 elementor-top-column elementor-element elementor-element-1a2a9ed\" data-id=\"1a2a9ed\" data-element_type=\"column\">\n\t\t\t<div class=\"elementor-widget-wrap elementor-element-populated\">\n\t\t\t\t\t\t<div class=\"elementor-element elementor-element-9d6ceb4 elementor-widget elementor-widget-image\" data-id=\"9d6ceb4\" data-element_type=\"widget\" data-widget_type=\"image.default\">\n\t\t\t\t<div class=\"elementor-widget-container\">\n\t\t\t\t\t\t\t\t\t\t\t\t\t\t\t<img decoding=\"async\" src=\"https:\/\/luminforum.com\/pl\/wp-content\/uploads\/sites\/3\/2024\/11\/light-sources-incandescent-lamp-tungsten-filament-led.svg\" title=\"light sources incandescent lamp tungsten filament led\" alt=\"light sources incandescent lamp tungsten filament led\" loading=\"lazy\" \/>\t\t\t\t\t\t\t\t\t\t\t\t\t\t\t<\/div>\n\t\t\t\t<\/div>\n\t\t\t\t\t<\/div>\n\t\t<\/div>\n\t\t\t\t<div class=\"elementor-column elementor-col-50 elementor-top-column elementor-element elementor-element-205bdb4\" data-id=\"205bdb4\" data-element_type=\"column\">\n\t\t\t<div class=\"elementor-widget-wrap elementor-element-populated\">\n\t\t\t\t\t\t<div class=\"elementor-element elementor-element-a309223 elementor-widget elementor-widget-heading\" data-id=\"a309223\" data-element_type=\"widget\" data-widget_type=\"heading.default\">\n\t\t\t\t<div class=\"elementor-widget-container\">\n\t\t\t\t\t<h2 class=\"elementor-heading-title elementor-size-default\">\u0179r\u00f3d\u0142a \u015bwiat\u0142a<\/h2>\t\t\t\t<\/div>\n\t\t\t\t<\/div>\n\t\t\t\t<div class=\"elementor-element elementor-element-589381b elementor-widget elementor-widget-text-editor\" data-id=\"589381b\" data-element_type=\"widget\" data-widget_type=\"text-editor.default\">\n\t\t\t\t<div class=\"elementor-widget-container\">\n\t\t\t\t\t\t\t\t\tSk\u0105d bierze si\u0119 \u015bwiat\u0142o?\t\t\t\t\t\t\t\t<\/div>\n\t\t\t\t<\/div>\n\t\t\t\t<div class=\"elementor-element elementor-element-2cb94fa elementor-widget elementor-widget-text-editor\" data-id=\"2cb94fa\" data-element_type=\"widget\" data-widget_type=\"text-editor.default\">\n\t\t\t\t<div class=\"elementor-widget-container\">\n\t\t\t\t\t\t\t\t\tTu znajdziesz informacje o wszystkich rodzajach  naturalnych i sztucznych \u017ar\u00f3de\u0142 \u015bwiat\u0142a.\t\t\t\t\t\t\t\t<\/div>\n\t\t\t\t<\/div>\n\t\t\t\t<div class=\"elementor-element elementor-element-2272b4a elementor-widget elementor-widget-text-editor\" data-id=\"2272b4a\" data-element_type=\"widget\" data-widget_type=\"text-editor.default\">\n\t\t\t\t<div class=\"elementor-widget-container\">\n\t\t\t\t\t\t\t\t\tOd \u015bwiat\u0142a s\u0142onecznego i \u015bwiec po lasery i diody, w poni\u017cszych artyku\u0142ach przygl\u0105damy si\u0119 najr\u00f3\u017cniejszym \u017ar\u00f3d\u0142om \u015bwiat\u0142a i przybli\u017camy ich zasady dzia\u0142ania, zalety oraz ograniczenia.\t\t\t\t\t\t\t\t<\/div>\n\t\t\t\t<\/div>\n\t\t\t\t\t<\/div>\n\t\t<\/div>\n\t\t\t\t\t<\/div>\n\t\t<\/section>\n\t\t\t\t<section class=\"elementor-section elementor-top-section elementor-element elementor-element-b94a1d6 elementor-section-boxed elementor-section-height-default elementor-section-height-default\" data-id=\"b94a1d6\" data-element_type=\"section\" data-settings=\"{&quot;background_background&quot;:&quot;classic&quot;}\">\n\t\t\t\t\t\t<div class=\"elementor-container elementor-column-gap-default\">\n\t\t\t\t\t<div class=\"elementor-column elementor-col-100 elementor-top-column elementor-element elementor-element-85a6be2\" data-id=\"85a6be2\" data-element_type=\"column\">\n\t\t\t<div class=\"elementor-widget-wrap elementor-element-populated\">\n\t\t\t\t\t\t<section class=\"elementor-section elementor-inner-section elementor-element elementor-element-dceb2bc elementor-section-boxed elementor-section-height-default elementor-section-height-default\" data-id=\"dceb2bc\" data-element_type=\"section\">\n\t\t\t\t\t\t<div class=\"elementor-container elementor-column-gap-default\">\n\t\t\t\t\t<div class=\"elementor-column elementor-col-33 elementor-inner-column elementor-element elementor-element-f7af1f5\" data-id=\"f7af1f5\" data-element_type=\"column\">\n\t\t\t<div class=\"elementor-widget-wrap elementor-element-populated\">\n\t\t\t\t\t\t<div class=\"elementor-element elementor-element-6492329 elementor-widget elementor-widget-image\" data-id=\"6492329\" data-element_type=\"widget\" data-widget_type=\"image.default\">\n\t\t\t\t<div class=\"elementor-widget-container\">\n\t\t\t\t\t\t\t\t\t\t\t\t\t\t\t<img decoding=\"async\" src=\"https:\/\/luminforum.com\/wp-content\/uploads\/2022\/09\/basics-1-title.svg\" title=\"\" alt=\"\" class=\"elementor-animation-grow\" loading=\"lazy\" \/>\t\t\t\t\t\t\t\t\t\t\t\t\t\t\t<\/div>\n\t\t\t\t<\/div>\n\t\t\t\t<div class=\"elementor-element elementor-element-f87006d elementor-align-center elementor-mobile-align-center elementor-widget elementor-widget-button\" data-id=\"f87006d\" data-element_type=\"widget\" data-widget_type=\"button.default\">\n\t\t\t\t<div class=\"elementor-widget-container\">\n\t\t\t\t\t\t\t\t\t<div class=\"elementor-button-wrapper\">\n\t\t\t\t\t<a class=\"elementor-button elementor-size-lg elementor-animation-grow\" role=\"button\">\n\t\t\t\t\t\t<span class=\"elementor-button-content-wrapper\">\n\t\t\t\t\t\t\t\t\t<span class=\"elementor-button-text\">Typy \u017ar\u00f3de\u0142 \u015bwiat\u0142a<\/span>\n\t\t\t\t\t<\/span>\n\t\t\t\t\t<\/a>\n\t\t\t\t<\/div>\n\t\t\t\t\t\t\t\t<\/div>\n\t\t\t\t<\/div>\n\t\t\t\t<div class=\"elementor-element elementor-element-b7000a5 elementor-widget elementor-widget-text-editor\" data-id=\"b7000a5\" data-element_type=\"widget\" data-widget_type=\"text-editor.default\">\n\t\t\t\t<div class=\"elementor-widget-container\">\n\t\t\t\t\t\t\t\t\tJu\u017c wkr\u00f3tce\t\t\t\t\t\t\t\t<\/div>\n\t\t\t\t<\/div>\n\t\t\t\t<div class=\"elementor-element elementor-element-90673db elementor-align-left elementor-mobile-align-left elementor-hidden-desktop elementor-hidden-tablet elementor-hidden-mobile elementor-widget elementor-widget-button\" data-id=\"90673db\" data-element_type=\"widget\" data-widget_type=\"button.default\">\n\t\t\t\t<div class=\"elementor-widget-container\">\n\t\t\t\t\t\t\t\t\t<div class=\"elementor-button-wrapper\">\n\t\t\t\t\t<a class=\"elementor-button elementor-button-link elementor-size-lg elementor-animation-grow\" href=\"https:\/\/luminforum.com\/articles\/basics\/\">\n\t\t\t\t\t\t<span class=\"elementor-button-content-wrapper\">\n\t\t\t\t\t\t\t\t\t<span class=\"elementor-button-text\">Read more<\/span>\n\t\t\t\t\t<\/span>\n\t\t\t\t\t<\/a>\n\t\t\t\t<\/div>\n\t\t\t\t\t\t\t\t<\/div>\n\t\t\t\t<\/div>\n\t\t\t\t\t<\/div>\n\t\t<\/div>\n\t\t\t\t<div class=\"elementor-column elementor-col-33 elementor-inner-column elementor-element elementor-element-7229baa\" data-id=\"7229baa\" data-element_type=\"column\">\n\t\t\t<div class=\"elementor-widget-wrap\">\n\t\t\t\t\t\t\t<\/div>\n\t\t<\/div>\n\t\t\t\t<div class=\"elementor-column elementor-col-33 elementor-inner-column elementor-element elementor-element-8827c2d\" data-id=\"8827c2d\" data-element_type=\"column\">\n\t\t\t<div class=\"elementor-widget-wrap\">\n\t\t\t\t\t\t\t<\/div>\n\t\t<\/div>\n\t\t\t\t\t<\/div>\n\t\t<\/section>\n\t\t\t\t\t<\/div>\n\t\t<\/div>\n\t\t\t\t\t<\/div>\n\t\t<\/section>\n\t\t\t\t<\/div>\n\t\t","protected":false},"excerpt":{"rendered":"<p>\u0179r\u00f3d\u0142a \u015bwiat\u0142a Sk\u0105d bierze si\u0119 \u015bwiat\u0142o?Tu znajdziesz informacje o wszystkich rodzajach naturalnych i sztucznych \u017ar\u00f3de\u0142 \u015bwiat\u0142a.Od \u015bwiat\u0142a s\u0142onecznego i \u015bwiec po lasery i diody, w poni\u017cszych artyku\u0142ach przygl\u0105damy si\u0119 najr\u00f3\u017cniejszym \u017ar\u00f3d\u0142om \u015bwiat\u0142a i przybli\u017camy ich zasady dzia\u0142ania, zalety oraz ograniczenia. Typy \u017ar\u00f3de\u0142 \u015bwiat\u0142a Ju\u017c wkr\u00f3tce Read more<\/p>\n","protected":false},"author":1,"featured_media":0,"parent":113,"menu_order":0,"comment_status":"closed","ping_status":"closed","template":"elementor_header_footer","meta":{"neve_meta_sidebar":"","neve_meta_container":"","neve_meta_enable_content_width":"","neve_meta_content_width":0,"neve_meta_title_alignment":"","neve_meta_author_avatar":"","neve_post_elements_order":"","neve_meta_disable_header":"","neve_meta_disable_footer":"","neve_meta_disable_title":"","footnotes":""},"class_list":["post-126","page","type-page","status-publish","hentry"],"_links":{"self":[{"href":"https:\/\/luminforum.com\/pl\/wp-json\/wp\/v2\/pages\/126","targetHints":{"allow":["GET"]}}],"collection":[{"href":"https:\/\/luminforum.com\/pl\/wp-json\/wp\/v2\/pages"}],"about":[{"href":"https:\/\/luminforum.com\/pl\/wp-json\/wp\/v2\/types\/page"}],"author":[{"embeddable":true,"href":"https:\/\/luminforum.com\/pl\/wp-json\/wp\/v2\/users\/1"}],"replies":[{"embeddable":true,"href":"https:\/\/luminforum.com\/pl\/wp-json\/wp\/v2\/comments?post=126"}],"version-history":[{"count":21,"href":"https:\/\/luminforum.com\/pl\/wp-json\/wp\/v2\/pages\/126\/revisions"}],"predecessor-version":[{"id":1723,"href":"https:\/\/luminforum.com\/pl\/wp-json\/wp\/v2\/pages\/126\/revisions\/1723"}],"up":[{"embeddable":true,"href":"https:\/\/luminforum.com\/pl\/wp-json\/wp\/v2\/pages\/113"}],"wp:attachment":[{"href":"https:\/\/luminforum.com\/pl\/wp-json\/wp\/v2\/media?parent=126"}],"curies":[{"name":"wp","href":"https:\/\/api.w.org\/{rel}","templated":true}]}}