{"id":21,"date":"2019-11-18T09:26:37","date_gmt":"2019-11-18T08:26:37","guid":{"rendered":"https:\/\/demosites.io\/blogger\/?page_id=21"},"modified":"2023-10-03T21:27:38","modified_gmt":"2023-10-03T19:27:38","slug":"o-nas","status":"publish","type":"page","link":"https:\/\/luminforum.com\/pl\/o-nas\/","title":{"rendered":"O nas"},"content":{"rendered":"\t\t<div data-elementor-type=\"wp-post\" data-elementor-id=\"21\" class=\"elementor elementor-21\">\n\t\t\t\t\t\t<section class=\"elementor-section elementor-top-section elementor-element elementor-element-ae5e733 elementor-section-boxed elementor-section-height-default elementor-section-height-default\" data-id=\"ae5e733\" data-element_type=\"section\">\n\t\t\t\t\t\t<div class=\"elementor-container elementor-column-gap-default\">\n\t\t\t\t\t<div class=\"elementor-column elementor-col-100 elementor-top-column elementor-element elementor-element-d781dd6\" data-id=\"d781dd6\" data-element_type=\"column\">\n\t\t\t<div class=\"elementor-widget-wrap elementor-element-populated\">\n\t\t\t\t\t\t<div class=\"elementor-element elementor-element-ed6f452 elementor-widget elementor-widget-spacer\" data-id=\"ed6f452\" data-element_type=\"widget\" data-widget_type=\"spacer.default\">\n\t\t\t\t<div class=\"elementor-widget-container\">\n\t\t\t\t\t\t\t<div class=\"elementor-spacer\">\n\t\t\t<div class=\"elementor-spacer-inner\"><\/div>\n\t\t<\/div>\n\t\t\t\t\t\t<\/div>\n\t\t\t\t<\/div>\n\t\t\t\t\t<\/div>\n\t\t<\/div>\n\t\t\t\t\t<\/div>\n\t\t<\/section>\n\t\t\t\t<section class=\"elementor-section elementor-top-section elementor-element elementor-element-ce68ab0 elementor-hidden-tablet elementor-hidden-mobile elementor-section-boxed elementor-section-height-default elementor-section-height-default\" data-id=\"ce68ab0\" data-element_type=\"section\">\n\t\t\t\t\t\t<div class=\"elementor-container elementor-column-gap-default\">\n\t\t\t\t\t<div class=\"elementor-column elementor-col-100 elementor-top-column elementor-element elementor-element-79b7cc2\" data-id=\"79b7cc2\" data-element_type=\"column\">\n\t\t\t<div class=\"elementor-widget-wrap\">\n\t\t\t\t\t\t\t<\/div>\n\t\t<\/div>\n\t\t\t\t\t<\/div>\n\t\t<\/section>\n\t\t\t\t<section class=\"elementor-section elementor-top-section elementor-element elementor-element-7972081 elementor-section-boxed elementor-section-height-default elementor-section-height-default\" data-id=\"7972081\" data-element_type=\"section\">\n\t\t\t\t\t\t<div class=\"elementor-container elementor-column-gap-default\">\n\t\t\t\t\t<div class=\"elementor-column elementor-col-100 elementor-top-column elementor-element elementor-element-edde177\" data-id=\"edde177\" data-element_type=\"column\">\n\t\t\t<div class=\"elementor-widget-wrap elementor-element-populated\">\n\t\t\t\t\t\t<div class=\"elementor-element elementor-element-be9f7a5 elementor-hidden-desktop elementor-pagination-position-outside elementor-widget elementor-widget-image-carousel\" data-id=\"be9f7a5\" data-element_type=\"widget\" data-settings=\"{&quot;slides_to_show_mobile&quot;:&quot;1&quot;,&quot;navigation&quot;:&quot;dots&quot;,&quot;autoplay&quot;:&quot;no&quot;,&quot;infinite&quot;:&quot;yes&quot;,&quot;speed&quot;:500}\" data-widget_type=\"image-carousel.default\">\n\t\t\t\t<div class=\"elementor-widget-container\">\n\t\t\t\t\t\t\t<div class=\"elementor-image-carousel-wrapper swiper\" role=\"region\" aria-roledescription=\"carousel\" aria-label=\"Karuzela obrazk\u00f3w\" dir=\"ltr\">\n\t\t\t<div class=\"elementor-image-carousel swiper-wrapper\" aria-live=\"polite\">\n\t\t\t\t\t\t\t\t<div class=\"swiper-slide\" role=\"group\" aria-roledescription=\"slide\" aria-label=\"1 z 4\"><figure class=\"swiper-slide-inner\"><img decoding=\"async\" class=\"swiper-slide-image\" src=\"https:\/\/luminforum.com\/pl\/wp-content\/uploads\/sites\/3\/2023\/01\/lumin-mobile-pl-1.svg\" alt=\"lumin \u015bwiat\u0142o blog\" \/><\/figure><\/div><div class=\"swiper-slide\" role=\"group\" aria-roledescription=\"slide\" aria-label=\"2 z 4\"><figure class=\"swiper-slide-inner\"><img decoding=\"async\" class=\"swiper-slide-image\" src=\"https:\/\/luminforum.com\/pl\/wp-content\/uploads\/sites\/3\/2023\/01\/lumin-mobile-2.svg\" alt=\"luminforum info blog \u015bwiat\u0142o\" \/><\/figure><\/div><div class=\"swiper-slide\" role=\"group\" aria-roledescription=\"slide\" aria-label=\"3 z 4\"><figure class=\"swiper-slide-inner\"><img decoding=\"async\" class=\"swiper-slide-image\" src=\"https:\/\/luminforum.com\/pl\/wp-content\/uploads\/sites\/3\/2023\/01\/lumin-mobile-3-pl.svg\" alt=\"luminforum fi strumie\u0144 \u015bwietlny blog\" \/><\/figure><\/div><div class=\"swiper-slide\" role=\"group\" aria-roledescription=\"slide\" aria-label=\"4 z 4\"><figure class=\"swiper-slide-inner\"><img decoding=\"async\" class=\"swiper-slide-image\" src=\"https:\/\/luminforum.com\/pl\/wp-content\/uploads\/sites\/3\/2023\/01\/lumin-mobile-4-pl.svg\" alt=\"luminforum forum \u015bwiat\u0142o blog\" \/><\/figure><\/div>\t\t\t<\/div>\n\t\t\t\t\t\t\t\n\t\t\t\t\t\t\t\t\t<div class=\"swiper-pagination\"><\/div>\n\t\t\t\t\t\t\t\t\t<\/div>\n\t\t\t\t\t\t<\/div>\n\t\t\t\t<\/div>\n\t\t\t\t\t<\/div>\n\t\t<\/div>\n\t\t\t\t\t<\/div>\n\t\t<\/section>\n\t\t\t\t<section class=\"elementor-section elementor-top-section elementor-element elementor-element-b9d3d34 elementor-section-boxed elementor-section-height-default elementor-section-height-default\" data-id=\"b9d3d34\" data-element_type=\"section\">\n\t\t\t\t\t\t<div class=\"elementor-container elementor-column-gap-default\">\n\t\t\t\t\t<div class=\"elementor-column elementor-col-100 elementor-top-column elementor-element elementor-element-2ab3386\" data-id=\"2ab3386\" data-element_type=\"column\">\n\t\t\t<div class=\"elementor-widget-wrap elementor-element-populated\">\n\t\t\t\t\t\t<div class=\"elementor-element elementor-element-5dab6bd elementor-arrows-position-outside elementor-hidden-tablet elementor-hidden-mobile elementor-widget elementor-widget-image-carousel\" data-id=\"5dab6bd\" data-element_type=\"widget\" data-settings=\"{&quot;slides_to_show&quot;:&quot;1&quot;,&quot;navigation&quot;:&quot;arrows&quot;,&quot;autoplay&quot;:&quot;no&quot;,&quot;effect&quot;:&quot;fade&quot;,&quot;speed&quot;:800,&quot;infinite&quot;:&quot;yes&quot;}\" data-widget_type=\"image-carousel.default\">\n\t\t\t\t<div class=\"elementor-widget-container\">\n\t\t\t\t\t\t\t<div class=\"elementor-image-carousel-wrapper swiper\" role=\"region\" aria-roledescription=\"carousel\" aria-label=\"Karuzela obrazk\u00f3w\" dir=\"ltr\">\n\t\t\t<div class=\"elementor-image-carousel swiper-wrapper\" aria-live=\"polite\">\n\t\t\t\t\t\t\t\t<div class=\"swiper-slide\" role=\"group\" aria-roledescription=\"slide\" aria-label=\"1 z 4\"><figure class=\"swiper-slide-inner\"><img decoding=\"async\" class=\"swiper-slide-image\" src=\"https:\/\/luminforum.com\/pl\/wp-content\/uploads\/sites\/3\/2023\/01\/luminforum-nazwa-lumin-pc.svg\" alt=\"luminforum nazwa lumin pc\" \/><\/figure><\/div><div class=\"swiper-slide\" role=\"group\" aria-roledescription=\"slide\" aria-label=\"2 z 4\"><figure class=\"swiper-slide-inner\"><img decoding=\"async\" class=\"swiper-slide-image\" src=\"https:\/\/luminforum.com\/pl\/wp-content\/uploads\/sites\/3\/2023\/01\/name-about-2-pl.svg\" alt=\"info luminforum\" \/><\/figure><\/div><div class=\"swiper-slide\" role=\"group\" aria-roledescription=\"slide\" aria-label=\"3 z 4\"><figure class=\"swiper-slide-inner\"><img decoding=\"async\" class=\"swiper-slide-image\" src=\"https:\/\/luminforum.com\/pl\/wp-content\/uploads\/sites\/3\/2023\/01\/name-about-3-pl.svg\" alt=\"fi strumie\u0144 \u015bwietlny luminforum\" \/><\/figure><\/div><div class=\"swiper-slide\" role=\"group\" aria-roledescription=\"slide\" aria-label=\"4 z 4\"><figure class=\"swiper-slide-inner\"><img decoding=\"async\" class=\"swiper-slide-image\" src=\"https:\/\/luminforum.com\/pl\/wp-content\/uploads\/sites\/3\/2023\/01\/name-about-4-pl.svg\" alt=\"forum luminforum \u015bwiat\u0142o blog\" \/><\/figure><\/div>\t\t\t<\/div>\n\t\t\t\t\t\t\t\t\t\t\t\t<div class=\"elementor-swiper-button elementor-swiper-button-prev\" role=\"button\" tabindex=\"0\">\n\t\t\t\t\t\t<i aria-hidden=\"true\" class=\"eicon-chevron-left\"><\/i>\t\t\t\t\t<\/div>\n\t\t\t\t\t<div class=\"elementor-swiper-button elementor-swiper-button-next\" role=\"button\" tabindex=\"0\">\n\t\t\t\t\t\t<i aria-hidden=\"true\" class=\"eicon-chevron-right\"><\/i>\t\t\t\t\t<\/div>\n\t\t\t\t\n\t\t\t\t\t\t\t\t\t<\/div>\n\t\t\t\t\t\t<\/div>\n\t\t\t\t<\/div>\n\t\t\t\t<div class=\"elementor-element elementor-element-c2f720a elementor-widget elementor-widget-text-editor\" data-id=\"c2f720a\" data-element_type=\"widget\" data-widget_type=\"text-editor.default\">\n\t\t\t\t<div class=\"elementor-widget-container\">\n\t\t\t\t\t\t\t\t\t<p>Witaj na Luminforum! Ta strona to projekt, kt\u00f3rego celem jest stworzenie <b>darmowego zasobu informacji na temat \u015bwiat\u0142a<\/b>.<\/p><p>Nasz\u0105 misj\u0105 jest stworzenie kompleksowego <b>przewodnika po \u015bwiecie \u015bwiat\u0142a<\/b>. Wierzymy, \u017ce wyposa\u017cenie si\u0119 w wiedz\u0119 o podstawach tego czym jest i jak dzia\u0142a \u015bwiat\u0142o mo\u017ce by\u0107 przydatne dla ka\u017cego z nas. Wiedza ta mo\u017ce pozwoli\u0107 nam zrozumie\u0107 podstawowe zjawiska i wykorzystywa\u0107 \u015bwiat\u0142o do kszta\u0142towania naszego otoczenia zgodnie z naszymi potrzebami i preferencjami. Mo\u017ce pozwoli\u0107 nam zrobi\u0107 krok w kierunku zdrowszego stylu \u017cycia, tworzy\u0107 sztuk\u0119, by\u0107 \u015bwiadomym naszych wybor\u00f3w i uczyni\u0107 \u017cycie codzienne \u0142atwiejszym. Niezale\u017cnie od tego, czy jeste\u015b profesjonalist\u0105, studentem, \u015bwiadomym konsumentem, czy zapalonym poszukiwaczem wiedzy, mamy nadziej\u0119, \u017ce spodobaj\u0105 Ci si\u0119 tworzone przez nas tre\u015bci.<\/p>\t\t\t\t\t\t\t\t<\/div>\n\t\t\t\t<\/div>\n\t\t\t\t<div class=\"elementor-element elementor-element-790cd52 elementor-hidden-tablet elementor-hidden-mobile elementor-widget elementor-widget-spacer\" data-id=\"790cd52\" data-element_type=\"widget\" data-widget_type=\"spacer.default\">\n\t\t\t\t<div class=\"elementor-widget-container\">\n\t\t\t\t\t\t\t<div class=\"elementor-spacer\">\n\t\t\t<div class=\"elementor-spacer-inner\"><\/div>\n\t\t<\/div>\n\t\t\t\t\t\t<\/div>\n\t\t\t\t<\/div>\n\t\t\t\t\t<\/div>\n\t\t<\/div>\n\t\t\t\t\t<\/div>\n\t\t<\/section>\n\t\t\t\t<section class=\"elementor-section elementor-top-section elementor-element elementor-element-d573d1d elementor-section-boxed elementor-section-height-default elementor-section-height-default\" data-id=\"d573d1d\" data-element_type=\"section\">\n\t\t\t\t\t\t<div class=\"elementor-container elementor-column-gap-default\">\n\t\t\t\t\t<div class=\"elementor-column elementor-col-50 elementor-top-column elementor-element elementor-element-840a61d\" data-id=\"840a61d\" data-element_type=\"column\">\n\t\t\t<div class=\"elementor-widget-wrap elementor-element-populated\">\n\t\t\t\t\t\t<div class=\"elementor-element elementor-element-91e30f8 elementor-widget elementor-widget-heading\" data-id=\"91e30f8\" data-element_type=\"widget\" data-widget_type=\"heading.default\">\n\t\t\t\t<div class=\"elementor-widget-container\">\n\t\t\t\t\t<h2 class=\"elementor-heading-title elementor-size-default\">Poznaj<\/h2>\t\t\t\t<\/div>\n\t\t\t\t<\/div>\n\t\t\t\t<div class=\"elementor-element elementor-element-4201eaa elementor-widget elementor-widget-heading\" data-id=\"4201eaa\" data-element_type=\"widget\" data-widget_type=\"heading.default\">\n\t\t\t\t<div class=\"elementor-widget-container\">\n\t\t\t\t\t<h2 class=\"elementor-heading-title elementor-size-default\">autora<\/h2>\t\t\t\t<\/div>\n\t\t\t\t<\/div>\n\t\t\t\t<div class=\"elementor-element elementor-element-c0f920d elementor-widget elementor-widget-image\" data-id=\"c0f920d\" data-element_type=\"widget\" data-widget_type=\"image.default\">\n\t\t\t\t<div class=\"elementor-widget-container\">\n\t\t\t\t\t\t\t\t\t\t\t\t\t\t\t<img fetchpriority=\"high\" decoding=\"async\" width=\"200\" height=\"300\" src=\"https:\/\/luminforum.com\/pl\/wp-content\/uploads\/sites\/3\/2023\/01\/Borys2-200x300.jpg\" class=\"attachment-medium size-medium wp-image-739\" alt=\"Borys Luminforum\" srcset=\"https:\/\/luminforum.com\/pl\/wp-content\/uploads\/sites\/3\/2023\/01\/Borys2-200x300.jpg 200w, https:\/\/luminforum.com\/pl\/wp-content\/uploads\/sites\/3\/2023\/01\/Borys2-683x1024.jpg 683w, https:\/\/luminforum.com\/pl\/wp-content\/uploads\/sites\/3\/2023\/01\/Borys2-768x1151.jpg 768w, https:\/\/luminforum.com\/pl\/wp-content\/uploads\/sites\/3\/2023\/01\/Borys2.jpg 834w\" sizes=\"(max-width: 200px) 100vw, 200px\" \/>\t\t\t\t\t\t\t\t\t\t\t\t\t\t\t<\/div>\n\t\t\t\t<\/div>\n\t\t\t\t\t<\/div>\n\t\t<\/div>\n\t\t\t\t<div class=\"elementor-column elementor-col-50 elementor-top-column elementor-element elementor-element-a32254f\" data-id=\"a32254f\" data-element_type=\"column\">\n\t\t\t<div class=\"elementor-widget-wrap elementor-element-populated\">\n\t\t\t\t\t\t<div class=\"elementor-element elementor-element-cf5aa35 elementor-widget elementor-widget-text-editor\" data-id=\"cf5aa35\" data-element_type=\"widget\" data-widget_type=\"text-editor.default\">\n\t\t\t\t<div class=\"elementor-widget-container\">\n\t\t\t\t\t\t\t\t\tCze\u015b\u0107! Mam na imi\u0119 Borys i <b>jestem entuzjast\u0105 wszystkiego co zwi\u0105zane ze \u015bwiat\u0142em<\/b>. \t\t\t\t\t\t\t\t<\/div>\n\t\t\t\t<\/div>\n\t\t\t\t<div class=\"elementor-element elementor-element-eb82170 elementor-widget elementor-widget-text-editor\" data-id=\"eb82170\" data-element_type=\"widget\" data-widget_type=\"text-editor.default\">\n\t\t\t\t<div class=\"elementor-widget-container\">\n\t\t\t\t\t\t\t\t\tSwoj\u0105 fascynacj\u0119 \u015bwiat\u0142em odkry\u0142em w szkole \u015bredniej, wtedy te\u017c postanowi\u0142em ukierunkowa\u0107 swoj\u0105 edukacj\u0119 na t\u0119 dyscyplin\u0119. Od pierwszego, amatorskiego projektu o\u015bwietlenia, kt\u00f3ry przygotowa\u0142em dla swojego pokoju jako nastolatek, przez pierwsze kroki stawiane nie\u015bmia\u0142o w roli profesjonalnego projektanta, moje zainteresowanie tematem wci\u0105\u017c ros\u0142o. Po uko\u0144czeniu studi\u00f3w magisterskich na Politechnice Pozna\u0144skiej na kierunku Elektrotechnika ze specjalno\u015bci\u0105 Technika \u015bwietlna narodzi\u0142 si\u0119 pomys\u0142 aby spr\u00f3bowa\u0107 podzieli\u0107 si\u0119 wiedz\u0105 i refleksjami na temat dziedziny, kt\u00f3ra nie przestaje mnie fascynowa\u0107.\t\t\t\t\t\t\t\t<\/div>\n\t\t\t\t<\/div>\n\t\t\t\t<div class=\"elementor-element elementor-element-53a314e elementor-widget elementor-widget-text-editor\" data-id=\"53a314e\" data-element_type=\"widget\" data-widget_type=\"text-editor.default\">\n\t\t\t\t<div class=\"elementor-widget-container\">\n\t\t\t\t\t\t\t\t\t<p>Postanowi\u0142em utworzy\u0107 stron\u0119 z tre\u015bciami edukacyjnymi. Samemu korzystaj\u0105c z wielu \u015bwietnych, tworzonych wsp\u00f3\u0142cze\u015bnie przez entuzjast\u00f3w materia\u0142\u00f3w z r\u00f3\u017cnych dziedzin, postawi\u0142em sobie za cel stworzy\u0107 <b>dost\u0119pny dla wszystkich zas\u00f3b informacji o \u015bwietle<\/b>. Korzystaj\u0105c z kr\u00f3tkich, przyst\u0119pnych artyku\u0142\u00f3w pe\u0142nych infografik, staram si\u0119 rzetelnie przedstawia\u0107 fakty a zarazem <b>pisa\u0107 lekko nawet o ci\u0119\u017ckich zagadnieniach<\/b>. Ponadto, pracuj\u0105c w zaawansowanym laboratorium promieniowania optycznego postaram si\u0119 przybli\u017cy\u0107 ciekawe fakty i do\u015bwiadczenia z pracy zawodowej.<\/p>\t\t\t\t\t\t\t\t<\/div>\n\t\t\t\t<\/div>\n\t\t\t\t\t<\/div>\n\t\t<\/div>\n\t\t\t\t\t<\/div>\n\t\t<\/section>\n\t\t\t\t<\/div>\n\t\t","protected":false},"excerpt":{"rendered":"<p>Witaj na Luminforum! Ta strona to projekt, kt\u00f3rego celem jest stworzenie darmowego zasobu informacji na temat \u015bwiat\u0142a. Nasz\u0105 misj\u0105 jest stworzenie kompleksowego przewodnika po \u015bwiecie \u015bwiat\u0142a. Wierzymy, \u017ce wyposa\u017cenie si\u0119 w wiedz\u0119 o podstawach tego czym jest i jak dzia\u0142a \u015bwiat\u0142o mo\u017ce by\u0107 przydatne dla ka\u017cego z nas. Wiedza ta mo\u017ce pozwoli\u0107 nam zrozumie\u0107 podstawowe&hellip;&nbsp;<a href=\"https:\/\/luminforum.com\/pl\/o-nas\/\" rel=\"bookmark\">Dowiedz si\u0119 wi\u0119cej &raquo;<span class=\"screen-reader-text\">O nas<\/span><\/a><\/p>\n","protected":false},"author":1,"featured_media":0,"parent":0,"menu_order":0,"comment_status":"closed","ping_status":"closed","template":"elementor_header_footer","meta":{"neve_meta_sidebar":"default","neve_meta_container":"default","neve_meta_enable_content_width":"off","neve_meta_content_width":70,"neve_meta_title_alignment":"","neve_meta_author_avatar":"","neve_post_elements_order":"","neve_meta_disable_header":"off","neve_meta_disable_footer":"off","neve_meta_disable_title":"off","footnotes":""},"class_list":["post-21","page","type-page","status-publish","hentry"],"_links":{"self":[{"href":"https:\/\/luminforum.com\/pl\/wp-json\/wp\/v2\/pages\/21","targetHints":{"allow":["GET"]}}],"collection":[{"href":"https:\/\/luminforum.com\/pl\/wp-json\/wp\/v2\/pages"}],"about":[{"href":"https:\/\/luminforum.com\/pl\/wp-json\/wp\/v2\/types\/page"}],"author":[{"embeddable":true,"href":"https:\/\/luminforum.com\/pl\/wp-json\/wp\/v2\/users\/1"}],"replies":[{"embeddable":true,"href":"https:\/\/luminforum.com\/pl\/wp-json\/wp\/v2\/comments?post=21"}],"version-history":[{"count":34,"href":"https:\/\/luminforum.com\/pl\/wp-json\/wp\/v2\/pages\/21\/revisions"}],"predecessor-version":[{"id":1445,"href":"https:\/\/luminforum.com\/pl\/wp-json\/wp\/v2\/pages\/21\/revisions\/1445"}],"wp:attachment":[{"href":"https:\/\/luminforum.com\/pl\/wp-json\/wp\/v2\/media?parent=21"}],"curies":[{"name":"wp","href":"https:\/\/api.w.org\/{rel}","templated":true}]}}