{"id":371,"date":"2022-02-20T12:16:02","date_gmt":"2022-02-20T11:16:02","guid":{"rendered":"https:\/\/luminforum.com\/pl\/?page_id=371"},"modified":"2023-10-03T21:28:55","modified_gmt":"2023-10-03T19:28:55","slug":"polityka-prywatnosci","status":"publish","type":"page","link":"https:\/\/luminforum.com\/pl\/polityka-prywatnosci\/","title":{"rendered":"Polityka prywatno\u015bci"},"content":{"rendered":"\t\t<div data-elementor-type=\"wp-page\" data-elementor-id=\"371\" class=\"elementor elementor-371\">\n\t\t\t\t\t\t<section class=\"elementor-section elementor-top-section elementor-element elementor-element-4f4b5d1 elementor-section-boxed elementor-section-height-default elementor-section-height-default\" data-id=\"4f4b5d1\" data-element_type=\"section\">\n\t\t\t\t\t\t<div class=\"elementor-container elementor-column-gap-default\">\n\t\t\t\t\t<div class=\"elementor-column elementor-col-100 elementor-top-column elementor-element elementor-element-cc0a525\" data-id=\"cc0a525\" data-element_type=\"column\">\n\t\t\t<div class=\"elementor-widget-wrap elementor-element-populated\">\n\t\t\t\t\t\t<div class=\"elementor-element elementor-element-a1180a4 elementor-widget elementor-widget-spacer\" data-id=\"a1180a4\" data-element_type=\"widget\" data-widget_type=\"spacer.default\">\n\t\t\t\t<div class=\"elementor-widget-container\">\n\t\t\t\t\t\t\t<div class=\"elementor-spacer\">\n\t\t\t<div class=\"elementor-spacer-inner\"><\/div>\n\t\t<\/div>\n\t\t\t\t\t\t<\/div>\n\t\t\t\t<\/div>\n\t\t\t\t\t<\/div>\n\t\t<\/div>\n\t\t\t\t\t<\/div>\n\t\t<\/section>\n\t\t\t\t<section class=\"elementor-section elementor-top-section elementor-element elementor-element-8aa6334 elementor-section-boxed elementor-section-height-default elementor-section-height-default\" data-id=\"8aa6334\" data-element_type=\"section\">\n\t\t\t\t\t\t<div class=\"elementor-container elementor-column-gap-default\">\n\t\t\t\t\t<div class=\"elementor-column elementor-col-100 elementor-top-column elementor-element elementor-element-b4de876\" data-id=\"b4de876\" data-element_type=\"column\">\n\t\t\t<div class=\"elementor-widget-wrap elementor-element-populated\">\n\t\t\t\t\t\t<div class=\"elementor-element elementor-element-f3796d9 elementor-widget elementor-widget-heading\" data-id=\"f3796d9\" data-element_type=\"widget\" data-widget_type=\"heading.default\">\n\t\t\t\t<div class=\"elementor-widget-container\">\n\t\t\t\t\t<h2 class=\"elementor-heading-title elementor-size-default\">Polityka prywatno\u015bci<\/h2>\t\t\t\t<\/div>\n\t\t\t\t<\/div>\n\t\t\t\t\t<\/div>\n\t\t<\/div>\n\t\t\t\t\t<\/div>\n\t\t<\/section>\n\t\t\t\t<section class=\"elementor-section elementor-top-section elementor-element elementor-element-f26fa06 elementor-section-boxed elementor-section-height-default elementor-section-height-default\" data-id=\"f26fa06\" data-element_type=\"section\">\n\t\t\t\t\t\t<div class=\"elementor-container elementor-column-gap-default\">\n\t\t\t\t\t<div class=\"elementor-column elementor-col-100 elementor-top-column elementor-element elementor-element-9cd7c8b\" data-id=\"9cd7c8b\" data-element_type=\"column\">\n\t\t\t<div class=\"elementor-widget-wrap elementor-element-populated\">\n\t\t\t\t\t\t<div class=\"elementor-element elementor-element-7279ea3 elementor-widget elementor-widget-spacer\" data-id=\"7279ea3\" data-element_type=\"widget\" data-widget_type=\"spacer.default\">\n\t\t\t\t<div class=\"elementor-widget-container\">\n\t\t\t\t\t\t\t<div class=\"elementor-spacer\">\n\t\t\t<div class=\"elementor-spacer-inner\"><\/div>\n\t\t<\/div>\n\t\t\t\t\t\t<\/div>\n\t\t\t\t<\/div>\n\t\t\t\t\t<\/div>\n\t\t<\/div>\n\t\t\t\t\t<\/div>\n\t\t<\/section>\n\t\t\t\t<section class=\"elementor-section elementor-top-section elementor-element elementor-element-6399560 elementor-section-boxed elementor-section-height-default elementor-section-height-default\" data-id=\"6399560\" data-element_type=\"section\">\n\t\t\t\t\t\t<div class=\"elementor-container elementor-column-gap-default\">\n\t\t\t\t\t<div class=\"elementor-column elementor-col-100 elementor-top-column elementor-element elementor-element-c0ff9d6\" data-id=\"c0ff9d6\" data-element_type=\"column\">\n\t\t\t<div class=\"elementor-widget-wrap elementor-element-populated\">\n\t\t\t\t\t\t<div class=\"elementor-element elementor-element-113eef6 elementor-widget elementor-widget-text-editor\" data-id=\"113eef6\" data-element_type=\"widget\" data-widget_type=\"text-editor.default\">\n\t\t\t\t<div class=\"elementor-widget-container\">\n\t\t\t\t\t\t\t\t\t<p>Poni\u017csza polityka prywatno\u015bci zosta\u0142a stworzona 10 stycznia 2023 roku i obowi\u0105zuje, chyba \u017ce zaznaczono inaczej. Wszyscy u\u017cytkownicy zostan\u0105 powiadomieni poprzez aktualizacj\u0119 niniejszej strony o wszelkich zmianach w polityce prywatno\u015bci dotycz\u0105cych rozszerzenia zakresu gromadzenia i wykorzystywania prywatnych danych.<\/p>\t\t\t\t\t\t\t\t<\/div>\n\t\t\t\t<\/div>\n\t\t\t\t\t<\/div>\n\t\t<\/div>\n\t\t\t\t\t<\/div>\n\t\t<\/section>\n\t\t\t\t<section class=\"elementor-section elementor-top-section elementor-element elementor-element-65a18b2 elementor-section-boxed elementor-section-height-default elementor-section-height-default\" data-id=\"65a18b2\" data-element_type=\"section\">\n\t\t\t\t\t\t<div class=\"elementor-container elementor-column-gap-default\">\n\t\t\t\t\t<div class=\"elementor-column elementor-col-100 elementor-top-column elementor-element elementor-element-3edf837\" data-id=\"3edf837\" data-element_type=\"column\">\n\t\t\t<div class=\"elementor-widget-wrap elementor-element-populated\">\n\t\t\t\t\t\t<div class=\"elementor-element elementor-element-4d5a782 elementor-widget elementor-widget-heading\" data-id=\"4d5a782\" data-element_type=\"widget\" data-widget_type=\"heading.default\">\n\t\t\t\t<div class=\"elementor-widget-container\">\n\t\t\t\t\t<h2 class=\"elementor-heading-title elementor-size-default\">Pozyskiwanie, przechowywanie i wykorzystanie danych<\/h2>\t\t\t\t<\/div>\n\t\t\t\t<\/div>\n\t\t\t\t\t<\/div>\n\t\t<\/div>\n\t\t\t\t\t<\/div>\n\t\t<\/section>\n\t\t\t\t<section class=\"elementor-section elementor-top-section elementor-element elementor-element-6f4d40d elementor-section-boxed elementor-section-height-default elementor-section-height-default\" data-id=\"6f4d40d\" data-element_type=\"section\">\n\t\t\t\t\t\t<div class=\"elementor-container elementor-column-gap-default\">\n\t\t\t\t\t<div class=\"elementor-column elementor-col-100 elementor-top-column elementor-element elementor-element-fe5dd1b\" data-id=\"fe5dd1b\" data-element_type=\"column\">\n\t\t\t<div class=\"elementor-widget-wrap elementor-element-populated\">\n\t\t\t\t\t\t<div class=\"elementor-element elementor-element-158d2f0 elementor-widget elementor-widget-text-editor\" data-id=\"158d2f0\" data-element_type=\"widget\" data-widget_type=\"text-editor.default\">\n\t\t\t\t<div class=\"elementor-widget-container\">\n\t\t\t\t\t\t\t\t\t<p>Luminforum to platforma edukacyjna operuj\u0105ca na stronie internetowej, dost\u0119pnej pod adresem luminforum.com. Powy\u017csza domena jest w\u0142asno\u015bci\u0105 prywatn\u0105. Hosting serwera strony internetowej jest us\u0142ug\u0105 realizowan\u0105 przez zewn\u0119trzny podmiot zarejestrowany i dzia\u0142aj\u0105cy na terenie Polski.<\/p>\t\t\t\t\t\t\t\t<\/div>\n\t\t\t\t<\/div>\n\t\t\t\t\t<\/div>\n\t\t<\/div>\n\t\t\t\t\t<\/div>\n\t\t<\/section>\n\t\t\t\t<section class=\"elementor-section elementor-top-section elementor-element elementor-element-6b61a66 elementor-section-boxed elementor-section-height-default elementor-section-height-default\" data-id=\"6b61a66\" data-element_type=\"section\">\n\t\t\t\t\t\t<div class=\"elementor-container elementor-column-gap-default\">\n\t\t\t\t\t<div class=\"elementor-column elementor-col-100 elementor-top-column elementor-element elementor-element-38035c3\" data-id=\"38035c3\" data-element_type=\"column\">\n\t\t\t<div class=\"elementor-widget-wrap elementor-element-populated\">\n\t\t\t\t\t\t<div class=\"elementor-element elementor-element-c9b90d3 elementor-widget elementor-widget-text-editor\" data-id=\"c9b90d3\" data-element_type=\"widget\" data-widget_type=\"text-editor.default\">\n\t\t\t\t<div class=\"elementor-widget-container\">\n\t\t\t\t\t\t\t\t\t<p>Dost\u0119p do wszystkich tre\u015bci zawartych na stronie jest bezp\u0142atny. Wszelkie us\u0142ugi lub produkty komercyjne, kt\u00f3re mog\u0105 zosta\u0107 wydane w przysz\u0142o\u015bci, b\u0119d\u0105 udost\u0119pniane za po\u015brednictwem serwis\u00f3w zewn\u0119trznych, aby utrzyma\u0107 status luminforum.pl jako serwisu, kt\u00f3ry nie przetwarza danych prywatnych.\u00a0<\/p>\t\t\t\t\t\t\t\t<\/div>\n\t\t\t\t<\/div>\n\t\t\t\t\t<\/div>\n\t\t<\/div>\n\t\t\t\t\t<\/div>\n\t\t<\/section>\n\t\t\t\t<section class=\"elementor-section elementor-top-section elementor-element elementor-element-ef8607b elementor-section-boxed elementor-section-height-default elementor-section-height-default\" data-id=\"ef8607b\" data-element_type=\"section\">\n\t\t\t\t\t\t<div class=\"elementor-container elementor-column-gap-default\">\n\t\t\t\t\t<div class=\"elementor-column elementor-col-100 elementor-top-column elementor-element elementor-element-a7917d8\" data-id=\"a7917d8\" data-element_type=\"column\">\n\t\t\t<div class=\"elementor-widget-wrap elementor-element-populated\">\n\t\t\t\t\t\t<div class=\"elementor-element elementor-element-125234b elementor-widget elementor-widget-text-editor\" data-id=\"125234b\" data-element_type=\"widget\" data-widget_type=\"text-editor.default\">\n\t\t\t\t<div class=\"elementor-widget-container\">\n\t\t\t\t\t\t\t\t\t<p>Luminforum b\u0119dzie przyjmowa\u0107 dobrowolne darowizny, kt\u00f3rych mo\u017cna dokonywa\u0107 za po\u015brednictwem zewn\u0119trznego serwisu <a href=\"https:\/\/buycoffee.to\/luminforum\"><span style=\"text-decoration: underline;\"><strong><em>buycoffee.to<\/em><\/strong><\/span><\/a>. Wybrani wspieraj\u0105cy mog\u0105 otrzyma\u0107 dodatkowe korzy\u015bci, takie jak dost\u0119p do dodatkowych tre\u015bci edukacyjnych.<\/p>\t\t\t\t\t\t\t\t<\/div>\n\t\t\t\t<\/div>\n\t\t\t\t\t<\/div>\n\t\t<\/div>\n\t\t\t\t\t<\/div>\n\t\t<\/section>\n\t\t\t\t<section class=\"elementor-section elementor-top-section elementor-element elementor-element-d751b46 elementor-section-boxed elementor-section-height-default elementor-section-height-default\" data-id=\"d751b46\" data-element_type=\"section\">\n\t\t\t\t\t\t<div class=\"elementor-container elementor-column-gap-default\">\n\t\t\t\t\t<div class=\"elementor-column elementor-col-100 elementor-top-column elementor-element elementor-element-599ca0f\" data-id=\"599ca0f\" data-element_type=\"column\">\n\t\t\t<div class=\"elementor-widget-wrap elementor-element-populated\">\n\t\t\t\t\t\t<div class=\"elementor-element elementor-element-f9a088e elementor-widget elementor-widget-text-editor\" data-id=\"f9a088e\" data-element_type=\"widget\" data-widget_type=\"text-editor.default\">\n\t\t\t\t<div class=\"elementor-widget-container\">\n\t\t\t\t\t\t\t\t\t<p>Zbieranie danych o u\u017cytkownikach w celu ich sprzeda\u017cy dla wygenerowania zysku nie jest, ani nigdy nie b\u0119dzie jednym z cel\u00f3w tego projektu.<\/p>\t\t\t\t\t\t\t\t<\/div>\n\t\t\t\t<\/div>\n\t\t\t\t\t<\/div>\n\t\t<\/div>\n\t\t\t\t\t<\/div>\n\t\t<\/section>\n\t\t\t\t<section class=\"elementor-section elementor-top-section elementor-element elementor-element-ace9fdf elementor-section-boxed elementor-section-height-default elementor-section-height-default\" data-id=\"ace9fdf\" data-element_type=\"section\">\n\t\t\t\t\t\t<div class=\"elementor-container elementor-column-gap-default\">\n\t\t\t\t\t<div class=\"elementor-column elementor-col-100 elementor-top-column elementor-element elementor-element-d768dd8\" data-id=\"d768dd8\" data-element_type=\"column\">\n\t\t\t<div class=\"elementor-widget-wrap elementor-element-populated\">\n\t\t\t\t\t\t<div class=\"elementor-element elementor-element-7d69e60 elementor-widget elementor-widget-text-editor\" data-id=\"7d69e60\" data-element_type=\"widget\" data-widget_type=\"text-editor.default\">\n\t\t\t\t<div class=\"elementor-widget-container\">\n\t\t\t\t\t\t\t\t\t<p>Dla lepszego do\u015bwiadczenia podczas korzystania z luminforum.com, mo\u017cemy wymaga\u0107 od Ciebie dostarczenia nam pewnych danych osobowych, w tym, ale nie tylko, Twojego imienia i adresu e-mail. Informacje, kt\u00f3re zbieramy b\u0119d\u0105 wykorzystane wy\u0142\u0105cznie do kontaktu lub identyfikacji u\u017cytkownika. Dotyczy to w szczeg\u00f3lno\u015bci korzystania z formularza kontaktowego dost\u0119pnego na stronie internetowej.<\/p>\t\t\t\t\t\t\t\t<\/div>\n\t\t\t\t<\/div>\n\t\t\t\t\t<\/div>\n\t\t<\/div>\n\t\t\t\t\t<\/div>\n\t\t<\/section>\n\t\t\t\t<section class=\"elementor-section elementor-top-section elementor-element elementor-element-03ab5d4 elementor-section-boxed elementor-section-height-default elementor-section-height-default\" data-id=\"03ab5d4\" data-element_type=\"section\">\n\t\t\t\t\t\t<div class=\"elementor-container elementor-column-gap-default\">\n\t\t\t\t\t<div class=\"elementor-column elementor-col-100 elementor-top-column elementor-element elementor-element-8ce8f4a\" data-id=\"8ce8f4a\" data-element_type=\"column\">\n\t\t\t<div class=\"elementor-widget-wrap elementor-element-populated\">\n\t\t\t\t\t\t<div class=\"elementor-element elementor-element-3721457 elementor-widget elementor-widget-heading\" data-id=\"3721457\" data-element_type=\"widget\" data-widget_type=\"heading.default\">\n\t\t\t\t<div class=\"elementor-widget-container\">\n\t\t\t\t\t<h2 class=\"elementor-heading-title elementor-size-default\">Cookies<\/h2>\t\t\t\t<\/div>\n\t\t\t\t<\/div>\n\t\t\t\t\t<\/div>\n\t\t<\/div>\n\t\t\t\t\t<\/div>\n\t\t<\/section>\n\t\t\t\t<section class=\"elementor-section elementor-top-section elementor-element elementor-element-bf5174e elementor-section-boxed elementor-section-height-default elementor-section-height-default\" data-id=\"bf5174e\" data-element_type=\"section\">\n\t\t\t\t\t\t<div class=\"elementor-container elementor-column-gap-default\">\n\t\t\t\t\t<div class=\"elementor-column elementor-col-100 elementor-top-column elementor-element elementor-element-ab347fd\" data-id=\"ab347fd\" data-element_type=\"column\">\n\t\t\t<div class=\"elementor-widget-wrap elementor-element-populated\">\n\t\t\t\t\t\t<div class=\"elementor-element elementor-element-3491f84 elementor-widget elementor-widget-text-editor\" data-id=\"3491f84\" data-element_type=\"widget\" data-widget_type=\"text-editor.default\">\n\t\t\t\t<div class=\"elementor-widget-container\">\n\t\t\t\t\t\t\t\t\t<p>Cookies to pliki zawieraj\u0105ce niewielk\u0105 ilo\u015b\u0107 danych, kt\u00f3re s\u0105 powszechnie u\u017cywane jako anonimowy, unikalny identyfikator. S\u0105 one wysy\u0142ane do przegl\u0105darki u\u017cytkownika z odwiedzanej przez niego strony internetowej i przechowywane na dysku twardym komputera.<\/p>\t\t\t\t\t\t\t\t<\/div>\n\t\t\t\t<\/div>\n\t\t\t\t\t<\/div>\n\t\t<\/div>\n\t\t\t\t\t<\/div>\n\t\t<\/section>\n\t\t\t\t<section class=\"elementor-section elementor-top-section elementor-element elementor-element-e42ff33 elementor-section-boxed elementor-section-height-default elementor-section-height-default\" data-id=\"e42ff33\" data-element_type=\"section\">\n\t\t\t\t\t\t<div class=\"elementor-container elementor-column-gap-default\">\n\t\t\t\t\t<div class=\"elementor-column elementor-col-100 elementor-top-column elementor-element elementor-element-781b91a\" data-id=\"781b91a\" data-element_type=\"column\">\n\t\t\t<div class=\"elementor-widget-wrap elementor-element-populated\">\n\t\t\t\t\t\t<div class=\"elementor-element elementor-element-a669787 elementor-widget elementor-widget-text-editor\" data-id=\"a669787\" data-element_type=\"widget\" data-widget_type=\"text-editor.default\">\n\t\t\t\t<div class=\"elementor-widget-container\">\n\t\t\t\t\t\t\t\t\t<p>Nasza strona internetowa nie wykorzystuje obecnie plik\u00f3w cookie do stosowania jakichkolwiek praktyk \u015bledzenia. W przypadku dodania w przysz\u0142o\u015bci jakiejkolwiek us\u0142ugi (np. wdro\u017cenie instrument\u00f3w analityki) u\u017cytkownicy zostan\u0105 o tym poinformowani za pomoc\u0105 odpowiedniego, zgodnego z GDPR powiadomienia o nowych praktykach dotycz\u0105cych przetwarzania danych i mo\u017cliwo\u015bci skorzystania z praw dotycz\u0105cych zarz\u0105dzaniem swoimi prywatnymi danymi.<\/p>\t\t\t\t\t\t\t\t<\/div>\n\t\t\t\t<\/div>\n\t\t\t\t\t<\/div>\n\t\t<\/div>\n\t\t\t\t\t<\/div>\n\t\t<\/section>\n\t\t\t\t<\/div>\n\t\t","protected":false},"excerpt":{"rendered":"<p>Polityka prywatno\u015bci Poni\u017csza polityka prywatno\u015bci zosta\u0142a stworzona 10 stycznia 2023 roku i obowi\u0105zuje, chyba \u017ce zaznaczono inaczej. Wszyscy u\u017cytkownicy zostan\u0105 powiadomieni poprzez aktualizacj\u0119 niniejszej strony o wszelkich zmianach w polityce prywatno\u015bci dotycz\u0105cych rozszerzenia zakresu gromadzenia i wykorzystywania prywatnych danych. Pozyskiwanie, przechowywanie i wykorzystanie danych Luminforum to platforma edukacyjna operuj\u0105ca na stronie internetowej, dost\u0119pnej pod adresem&hellip;&nbsp;<a href=\"https:\/\/luminforum.com\/pl\/polityka-prywatnosci\/\" rel=\"bookmark\">Dowiedz si\u0119 wi\u0119cej &raquo;<span class=\"screen-reader-text\">Polityka prywatno\u015bci<\/span><\/a><\/p>\n","protected":false},"author":1,"featured_media":0,"parent":0,"menu_order":0,"comment_status":"closed","ping_status":"closed","template":"elementor_header_footer","meta":{"neve_meta_sidebar":"","neve_meta_container":"","neve_meta_enable_content_width":"","neve_meta_content_width":0,"neve_meta_title_alignment":"","neve_meta_author_avatar":"","neve_post_elements_order":"","neve_meta_disable_header":"","neve_meta_disable_footer":"","neve_meta_disable_title":"","footnotes":""},"class_list":["post-371","page","type-page","status-publish","hentry"],"_links":{"self":[{"href":"https:\/\/luminforum.com\/pl\/wp-json\/wp\/v2\/pages\/371","targetHints":{"allow":["GET"]}}],"collection":[{"href":"https:\/\/luminforum.com\/pl\/wp-json\/wp\/v2\/pages"}],"about":[{"href":"https:\/\/luminforum.com\/pl\/wp-json\/wp\/v2\/types\/page"}],"author":[{"embeddable":true,"href":"https:\/\/luminforum.com\/pl\/wp-json\/wp\/v2\/users\/1"}],"replies":[{"embeddable":true,"href":"https:\/\/luminforum.com\/pl\/wp-json\/wp\/v2\/comments?post=371"}],"version-history":[{"count":16,"href":"https:\/\/luminforum.com\/pl\/wp-json\/wp\/v2\/pages\/371\/revisions"}],"predecessor-version":[{"id":704,"href":"https:\/\/luminforum.com\/pl\/wp-json\/wp\/v2\/pages\/371\/revisions\/704"}],"wp:attachment":[{"href":"https:\/\/luminforum.com\/pl\/wp-json\/wp\/v2\/media?parent=371"}],"curies":[{"name":"wp","href":"https:\/\/api.w.org\/{rel}","templated":true}]}}