{"id":377,"date":"2022-02-20T12:17:27","date_gmt":"2022-02-20T11:17:27","guid":{"rendered":"https:\/\/luminforum.com\/pl\/?page_id=377"},"modified":"2023-10-03T21:15:01","modified_gmt":"2023-10-03T19:15:01","slug":"faq","status":"publish","type":"page","link":"https:\/\/luminforum.com\/pl\/faq\/","title":{"rendered":"FAQ"},"content":{"rendered":"\t\t<div data-elementor-type=\"wp-page\" data-elementor-id=\"377\" class=\"elementor elementor-377\">\n\t\t\t\t\t\t<section class=\"elementor-section elementor-top-section elementor-element elementor-element-28a5642 elementor-section-boxed elementor-section-height-default elementor-section-height-default\" data-id=\"28a5642\" data-element_type=\"section\">\n\t\t\t\t\t\t<div class=\"elementor-container elementor-column-gap-default\">\n\t\t\t\t\t<div class=\"elementor-column elementor-col-100 elementor-top-column elementor-element elementor-element-92a3e6c\" data-id=\"92a3e6c\" data-element_type=\"column\">\n\t\t\t<div class=\"elementor-widget-wrap elementor-element-populated\">\n\t\t\t\t\t\t<div class=\"elementor-element elementor-element-65e32db elementor-widget elementor-widget-spacer\" data-id=\"65e32db\" data-element_type=\"widget\" data-widget_type=\"spacer.default\">\n\t\t\t\t<div class=\"elementor-widget-container\">\n\t\t\t\t\t\t\t<div class=\"elementor-spacer\">\n\t\t\t<div class=\"elementor-spacer-inner\"><\/div>\n\t\t<\/div>\n\t\t\t\t\t\t<\/div>\n\t\t\t\t<\/div>\n\t\t\t\t\t<\/div>\n\t\t<\/div>\n\t\t\t\t\t<\/div>\n\t\t<\/section>\n\t\t\t\t<section class=\"elementor-section elementor-top-section elementor-element elementor-element-161875b elementor-section-boxed elementor-section-height-default elementor-section-height-default\" data-id=\"161875b\" data-element_type=\"section\">\n\t\t\t\t\t\t<div class=\"elementor-container elementor-column-gap-default\">\n\t\t\t\t\t<div class=\"elementor-column elementor-col-100 elementor-top-column elementor-element elementor-element-52a65bd\" data-id=\"52a65bd\" data-element_type=\"column\">\n\t\t\t<div class=\"elementor-widget-wrap elementor-element-populated\">\n\t\t\t\t\t\t<div class=\"elementor-element elementor-element-9532c1a elementor-widget elementor-widget-heading\" data-id=\"9532c1a\" data-element_type=\"widget\" data-widget_type=\"heading.default\">\n\t\t\t\t<div class=\"elementor-widget-container\">\n\t\t\t\t\t<h2 class=\"elementor-heading-title elementor-size-default\">FAQ<\/h2>\t\t\t\t<\/div>\n\t\t\t\t<\/div>\n\t\t\t\t\t<\/div>\n\t\t<\/div>\n\t\t\t\t\t<\/div>\n\t\t<\/section>\n\t\t\t\t<section class=\"elementor-section elementor-top-section elementor-element elementor-element-2ad6e45 elementor-section-boxed elementor-section-height-default elementor-section-height-default\" data-id=\"2ad6e45\" data-element_type=\"section\">\n\t\t\t\t\t\t<div class=\"elementor-container elementor-column-gap-default\">\n\t\t\t\t\t<div class=\"elementor-column elementor-col-100 elementor-top-column elementor-element elementor-element-a4fcd43\" data-id=\"a4fcd43\" data-element_type=\"column\">\n\t\t\t<div class=\"elementor-widget-wrap elementor-element-populated\">\n\t\t\t\t\t\t<div class=\"elementor-element elementor-element-b2bdb07 elementor-widget elementor-widget-heading\" data-id=\"b2bdb07\" data-element_type=\"widget\" data-widget_type=\"heading.default\">\n\t\t\t\t<div class=\"elementor-widget-container\">\n\t\t\t\t\t<h2 class=\"elementor-heading-title elementor-size-default\">Cz\u0119sto zadawane pytania<\/h2>\t\t\t\t<\/div>\n\t\t\t\t<\/div>\n\t\t\t\t\t<\/div>\n\t\t<\/div>\n\t\t\t\t\t<\/div>\n\t\t<\/section>\n\t\t\t\t<section class=\"elementor-section elementor-top-section elementor-element elementor-element-46561e5 elementor-section-boxed elementor-section-height-default elementor-section-height-default\" data-id=\"46561e5\" data-element_type=\"section\">\n\t\t\t\t\t\t<div class=\"elementor-container elementor-column-gap-default\">\n\t\t\t\t\t<div class=\"elementor-column elementor-col-100 elementor-top-column elementor-element elementor-element-bd8ba04\" data-id=\"bd8ba04\" data-element_type=\"column\">\n\t\t\t<div class=\"elementor-widget-wrap elementor-element-populated\">\n\t\t\t\t\t\t<div class=\"elementor-element elementor-element-df3a6a4 elementor-widget elementor-widget-spacer\" data-id=\"df3a6a4\" data-element_type=\"widget\" data-widget_type=\"spacer.default\">\n\t\t\t\t<div class=\"elementor-widget-container\">\n\t\t\t\t\t\t\t<div class=\"elementor-spacer\">\n\t\t\t<div class=\"elementor-spacer-inner\"><\/div>\n\t\t<\/div>\n\t\t\t\t\t\t<\/div>\n\t\t\t\t<\/div>\n\t\t\t\t\t<\/div>\n\t\t<\/div>\n\t\t\t\t\t<\/div>\n\t\t<\/section>\n\t\t\t\t<section class=\"elementor-section elementor-top-section elementor-element elementor-element-9b93ad1 elementor-section-boxed elementor-section-height-default elementor-section-height-default\" data-id=\"9b93ad1\" data-element_type=\"section\">\n\t\t\t\t\t\t<div class=\"elementor-container elementor-column-gap-default\">\n\t\t\t\t\t<div class=\"elementor-column elementor-col-100 elementor-top-column elementor-element elementor-element-b7fcd5c\" data-id=\"b7fcd5c\" data-element_type=\"column\">\n\t\t\t<div class=\"elementor-widget-wrap elementor-element-populated\">\n\t\t\t\t\t\t<div class=\"elementor-element elementor-element-8c6a5b4 elementor-widget elementor-widget-eael-adv-accordion\" data-id=\"8c6a5b4\" data-element_type=\"widget\" data-widget_type=\"eael-adv-accordion.default\">\n\t\t\t\t<div class=\"elementor-widget-container\">\n\t\t\t\t\t        <div class=\"eael-adv-accordion\" id=\"eael-adv-accordion-8c6a5b4\" data-scroll-on-click=\"no\" data-scroll-speed=\"300\" data-accordion-id=\"8c6a5b4\" data-accordion-type=\"accordion\" data-toogle-speed=\"300\">\n    <div class=\"eael-accordion-list\">\n                <div id=\"czym-jest-luminforum\" class=\"elementor-tab-title eael-accordion-header\" tabindex=\"0\" data-tab=\"1\" aria-controls=\"elementor-tab-content-1471\"><span class=\"eael-accordion-tab-title\">Czym jest Luminforum?<\/span><i aria-hidden=\"true\" class=\"fa-toggle fas fa-angle-right\"><\/i><\/div><div id=\"elementor-tab-content-1471\" class=\"eael-accordion-content clearfix\" data-tab=\"1\" aria-labelledby=\"czym-jest-luminforum\"><p>Luminforum jest rezultatem niezale\u017cnego projektu maj\u0105cego na celu stworzenie darmowego, internetowego zasobu wiedzy dla wszystkich zainteresowanych tematyk\u0105 <strong>\u015bwiat\u0142a<\/strong>.<\/p><p>Z pasji do \u015bwiat\u0142a za\u0142o\u017cyli\u015bmy stron\u0119 luminforum.com aby przybli\u017ca\u0107 tematyk\u0119 ka\u017cdemu, kto jest g\u0142odny wiedzy. Znajdziesz tu artyku\u0142y, infografiki, fakty na temat \u015bwiat\u0142a i praktyczne porady. Niewa\u017cne czy jeste\u015b profesjonalist\u0105, studentem, \u015bwiadomym konsumentem czy zapalonym poszukiwaczem wiedzy, znajdziesz tu co\u015b dla siebie.<\/p><\/div>\n                <\/div><div class=\"eael-accordion-list\">\n                <div id=\"czy-dostp-do-tej-strony-jest-darmowy\" class=\"elementor-tab-title eael-accordion-header\" tabindex=\"0\" data-tab=\"2\" aria-controls=\"elementor-tab-content-1472\"><span class=\"eael-accordion-tab-title\">Czy dost\u0119p do tej strony jest darmowy?<\/span><i aria-hidden=\"true\" class=\"fa-toggle fas fa-angle-right\"><\/i><\/div><div id=\"elementor-tab-content-1472\" class=\"eael-accordion-content clearfix\" data-tab=\"2\" aria-labelledby=\"czy-dostp-do-tej-strony-jest-darmowy\"><p>Dost\u0119p do tre\u015bci na Luminforum jest bezp\u0142atny, ale zach\u0119camy do wspierania nas poprzez dobrowolne darowizny za po\u015brednictwem portalu buycoffee.to <a href=\"https:\/\/buycoffee.to\/luminforum\"><span style=\"text-decoration: underline;\"><strong>tutaj<\/strong><\/span><\/a>.<\/p><\/div>\n                <\/div><div class=\"eael-accordion-list\">\n                <div id=\"kto-jest-autorem-treci-na-tej-stronie\" class=\"elementor-tab-title eael-accordion-header\" tabindex=\"0\" data-tab=\"3\" aria-controls=\"elementor-tab-content-1473\"><span class=\"eael-accordion-tab-title\">Kto jest autorem tre\u015bci na tej stronie?<\/span><i aria-hidden=\"true\" class=\"fa-toggle fas fa-angle-right\"><\/i><\/div><div id=\"elementor-tab-content-1473\" class=\"eael-accordion-content clearfix\" data-tab=\"3\" aria-labelledby=\"kto-jest-autorem-treci-na-tej-stronie\"><p>Cze\u015b\u0107! Mam na imi\u0119 Borys. Jestem in\u017cynierem z Poznania i mi\u0142o\u015bnikiem wszystkiego co zwi\u0105zane ze \u015bwiat\u0142em. Swoj\u0105 pasj\u0119 realizuj\u0105c tworz\u0105c dla Was tre\u015bci na Luminforum. <a href=\"https:\/\/luminforum.com\/pl\/o-nas\/\"><strong><span style=\"text-decoration: underline;\">Tutaj<\/span><\/strong><\/a> mo\u017cesz dowiedzie\u0107 si\u0119 o mnie czego\u015b wi\u0119cej.<\/p><\/div>\n                <\/div><div class=\"eael-accordion-list\">\n                <div id=\"kto-finansuje-ten-projekt\" class=\"elementor-tab-title eael-accordion-header\" tabindex=\"0\" data-tab=\"4\" aria-controls=\"elementor-tab-content-1474\"><span class=\"eael-accordion-tab-title\">Kto finansuje ten projekt?<\/span><i aria-hidden=\"true\" class=\"fa-toggle fas fa-angle-right\"><\/i><\/div><div id=\"elementor-tab-content-1474\" class=\"eael-accordion-content clearfix\" data-tab=\"4\" aria-labelledby=\"kto-finansuje-ten-projekt\"><p>Luminforum to projekt niezale\u017cny i na dzie\u0144 dzisiejszy wszystkie wydatki zwi\u0105zane z prowadzeniem strony pokrywa jej autor. Poniewa\u017c zamierzamy utrzyma\u0107 status strony jako wonej od reklam, polegamy na darowiznach od odwiedzaj\u0105cych.\u00a0<\/p><\/div>\n                <\/div><div class=\"eael-accordion-list\">\n                <div id=\"nie-znalazem-odpowiedzi-na-moje-pytanie-czy-moecie-mi-pomc\" class=\"elementor-tab-title eael-accordion-header\" tabindex=\"0\" data-tab=\"5\" aria-controls=\"elementor-tab-content-1475\"><span class=\"eael-accordion-tab-title\">Nie znalaz\u0142em odpowiedzi na moje pytanie. Czy mo\u017cecie mi pom\u00f3c?<\/span><i aria-hidden=\"true\" class=\"fa-toggle fas fa-angle-right\"><\/i><\/div><div id=\"elementor-tab-content-1475\" class=\"eael-accordion-content clearfix\" data-tab=\"5\" aria-labelledby=\"nie-znalazem-odpowiedzi-na-moje-pytanie-czy-moecie-mi-pomc\"><p>Je\u015bli szukasz porady dotycz\u0105cej zagadnie\u0144 zwi\u0105zanych z o\u015bwietleniem, prosimy o kontakt z nami za pomoc\u0105 <a href=\"https:\/\/luminforum.com\/pl\/kontakt\/\"><strong><span style=\"text-decoration: underline;\">tego formularza<\/span><\/strong><\/a>. Nie mo\u017cemy obieca\u0107, \u017ce b\u0119dziemy w stanie b\u0142yskawicznie zareagowa\u0107 lub pom\u00f3c w ka\u017cdym przypadku, ale do\u0142o\u017cymy wszelkich stara\u0144, aby udzieli\u0107 Ci wsparcia.<\/p><\/div>\n                <\/div><div class=\"eael-accordion-list\">\n                <div id=\"czy-mog-jako-wspomc-ten-projekt\" class=\"elementor-tab-title eael-accordion-header\" tabindex=\"0\" data-tab=\"6\" aria-controls=\"elementor-tab-content-1476\"><span class=\"eael-accordion-tab-title\">Czy mog\u0119 jako\u015b wspom\u00f3c ten projekt?<\/span><i aria-hidden=\"true\" class=\"fa-toggle fas fa-angle-right\"><\/i><\/div><div id=\"elementor-tab-content-1476\" class=\"eael-accordion-content clearfix\" data-tab=\"6\" aria-labelledby=\"czy-mog-jako-wspomc-ten-projekt\"><p>Doceniamy Twoj\u0105 inicjatyw\u0119 wspierania nas! Mo\u017cesz nas znale\u017a\u0107 na stronie <a href=\"https:\/\/buycoffee.to\/luminforum\"><span style=\"text-decoration: underline;\"><strong>buycoffee.to<\/strong><\/span><\/a>, gdzie mo\u017cesz przekaza\u0107 darowizn\u0119, aby pom\u00f3c nam si\u0119 rozwija\u0107. Wszystkie szczeg\u00f3\u0142y znajdziesz <a href=\"https:\/\/luminforum.com\/pl\/wesprzyj-nas\/\"><strong><span style=\"text-decoration: underline;\">tutaj<\/span><\/strong><\/a>. Dzi\u0119kujemy!<\/p><\/div>\n                <\/div><div class=\"eael-accordion-list\">\n                <div id=\"co-powiecie-na-wspprac\" class=\"elementor-tab-title eael-accordion-header\" tabindex=\"0\" data-tab=\"7\" aria-controls=\"elementor-tab-content-1477\"><span class=\"eael-accordion-tab-title\">Co powiecie na wsp\u00f3\u0142prac\u0119?<\/span><i aria-hidden=\"true\" class=\"fa-toggle fas fa-angle-right\"><\/i><\/div><div id=\"elementor-tab-content-1477\" class=\"eael-accordion-content clearfix\" data-tab=\"7\" aria-labelledby=\"co-powiecie-na-wspprac\"><p>Jeste\u015bmy otwarci na oferty wsp\u00f3\u0142pracy. Prowadzisz badania zwi\u0105zane ze \u015bwiat\u0142em? Oferujesz ciekawy produkt? Mo\u017ce dzia\u0142asz w dziedzinie podobnej do o\u015bwietlenia i masz pomys\u0142 na ciekawe tre\u015bci? <a href=\"https:\/\/luminforum.com\/pl\/kontakt\/\"><span style=\"text-decoration: underline;\"><strong>Skontaktuj si\u0119 z nami<\/strong><\/span><\/a>.<\/p><\/div>\n                <\/div><\/div>\t\t\t\t<\/div>\n\t\t\t\t<\/div>\n\t\t\t\t\t<\/div>\n\t\t<\/div>\n\t\t\t\t\t<\/div>\n\t\t<\/section>\n\t\t\t\t<\/div>\n\t\t","protected":false},"excerpt":{"rendered":"<p>FAQ Cz\u0119sto zadawane pytania Czym jest Luminforum? Luminforum jest rezultatem niezale\u017cnego projektu maj\u0105cego na celu stworzenie darmowego, internetowego zasobu wiedzy dla wszystkich zainteresowanych tematyk\u0105 \u015bwiat\u0142a. Z pasji do \u015bwiat\u0142a za\u0142o\u017cyli\u015bmy stron\u0119 luminforum.com aby przybli\u017ca\u0107 tematyk\u0119 ka\u017cdemu, kto jest g\u0142odny wiedzy. Znajdziesz tu artyku\u0142y, infografiki, fakty na temat \u015bwiat\u0142a i praktyczne porady. Niewa\u017cne czy jeste\u015b profesjonalist\u0105,&hellip;&nbsp;<a href=\"https:\/\/luminforum.com\/pl\/faq\/\" rel=\"bookmark\">Dowiedz si\u0119 wi\u0119cej &raquo;<span class=\"screen-reader-text\">FAQ<\/span><\/a><\/p>\n","protected":false},"author":1,"featured_media":0,"parent":0,"menu_order":0,"comment_status":"closed","ping_status":"closed","template":"elementor_header_footer","meta":{"neve_meta_sidebar":"","neve_meta_container":"","neve_meta_enable_content_width":"","neve_meta_content_width":0,"neve_meta_title_alignment":"","neve_meta_author_avatar":"","neve_post_elements_order":"","neve_meta_disable_header":"","neve_meta_disable_footer":"","neve_meta_disable_title":"","footnotes":""},"class_list":["post-377","page","type-page","status-publish","hentry"],"_links":{"self":[{"href":"https:\/\/luminforum.com\/pl\/wp-json\/wp\/v2\/pages\/377","targetHints":{"allow":["GET"]}}],"collection":[{"href":"https:\/\/luminforum.com\/pl\/wp-json\/wp\/v2\/pages"}],"about":[{"href":"https:\/\/luminforum.com\/pl\/wp-json\/wp\/v2\/types\/page"}],"author":[{"embeddable":true,"href":"https:\/\/luminforum.com\/pl\/wp-json\/wp\/v2\/users\/1"}],"replies":[{"embeddable":true,"href":"https:\/\/luminforum.com\/pl\/wp-json\/wp\/v2\/comments?post=377"}],"version-history":[{"count":11,"href":"https:\/\/luminforum.com\/pl\/wp-json\/wp\/v2\/pages\/377\/revisions"}],"predecessor-version":[{"id":1389,"href":"https:\/\/luminforum.com\/pl\/wp-json\/wp\/v2\/pages\/377\/revisions\/1389"}],"wp:attachment":[{"href":"https:\/\/luminforum.com\/pl\/wp-json\/wp\/v2\/media?parent=377"}],"curies":[{"name":"wp","href":"https:\/\/api.w.org\/{rel}","templated":true}]}}