{"id":668,"date":"2023-01-22T14:21:47","date_gmt":"2023-01-22T13:21:47","guid":{"rendered":"https:\/\/luminforum.com\/pl\/?page_id=668"},"modified":"2023-10-03T21:43:46","modified_gmt":"2023-10-03T19:43:46","slug":"wesprzyj-nas","status":"publish","type":"page","link":"https:\/\/luminforum.com\/pl\/wesprzyj-nas\/","title":{"rendered":"Wesprzyj nas"},"content":{"rendered":"\t\t<div data-elementor-type=\"wp-post\" data-elementor-id=\"668\" class=\"elementor elementor-668\">\n\t\t\t\t\t\t<section class=\"elementor-section elementor-top-section elementor-element elementor-element-c42dac3 elementor-section-boxed elementor-section-height-default elementor-section-height-default\" data-id=\"c42dac3\" data-element_type=\"section\">\n\t\t\t\t\t\t<div class=\"elementor-container elementor-column-gap-default\">\n\t\t\t\t\t<div class=\"elementor-column elementor-col-100 elementor-top-column elementor-element elementor-element-e99bd2c\" data-id=\"e99bd2c\" data-element_type=\"column\">\n\t\t\t<div class=\"elementor-widget-wrap elementor-element-populated\">\n\t\t\t\t\t\t<div class=\"elementor-element elementor-element-4274e0d elementor-widget elementor-widget-spacer\" data-id=\"4274e0d\" data-element_type=\"widget\" data-widget_type=\"spacer.default\">\n\t\t\t\t<div class=\"elementor-widget-container\">\n\t\t\t\t\t\t\t<div class=\"elementor-spacer\">\n\t\t\t<div class=\"elementor-spacer-inner\"><\/div>\n\t\t<\/div>\n\t\t\t\t\t\t<\/div>\n\t\t\t\t<\/div>\n\t\t\t\t\t<\/div>\n\t\t<\/div>\n\t\t\t\t\t<\/div>\n\t\t<\/section>\n\t\t\t\t<section class=\"elementor-section elementor-top-section elementor-element elementor-element-62ea45b elementor-section-boxed elementor-section-height-default elementor-section-height-default\" data-id=\"62ea45b\" data-element_type=\"section\">\n\t\t\t\t\t\t<div class=\"elementor-container elementor-column-gap-default\">\n\t\t\t\t\t<div class=\"elementor-column elementor-col-100 elementor-top-column elementor-element elementor-element-abfd36b\" data-id=\"abfd36b\" data-element_type=\"column\">\n\t\t\t<div class=\"elementor-widget-wrap elementor-element-populated\">\n\t\t\t\t\t\t<div class=\"elementor-element elementor-element-8c6cc48 elementor-widget elementor-widget-heading\" data-id=\"8c6cc48\" data-element_type=\"widget\" data-widget_type=\"heading.default\">\n\t\t\t\t<div class=\"elementor-widget-container\">\n\t\t\t\t\t<h2 class=\"elementor-heading-title elementor-size-default\">Wesprzyj nas<\/h2>\t\t\t\t<\/div>\n\t\t\t\t<\/div>\n\t\t\t\t<div class=\"elementor-element elementor-element-ecb4365 elementor-widget elementor-widget-spacer\" data-id=\"ecb4365\" data-element_type=\"widget\" data-widget_type=\"spacer.default\">\n\t\t\t\t<div class=\"elementor-widget-container\">\n\t\t\t\t\t\t\t<div class=\"elementor-spacer\">\n\t\t\t<div class=\"elementor-spacer-inner\"><\/div>\n\t\t<\/div>\n\t\t\t\t\t\t<\/div>\n\t\t\t\t<\/div>\n\t\t\t\t<div class=\"elementor-element elementor-element-6238ae8 elementor-widget elementor-widget-text-editor\" data-id=\"6238ae8\" data-element_type=\"widget\" data-widget_type=\"text-editor.default\">\n\t\t\t\t<div class=\"elementor-widget-container\">\n\t\t\t\t\t\t\t\t\t<p>Luminforum to niezale\u017cny projekt prowadzony przez <a href=\"https:\/\/luminforum.com\/pl\/o-nas\/\"><span style=\"text-decoration: underline;\">pasjonata \u015bwiat\u0142a<\/span><\/a> z pomoc\u0105 przyjaci\u00f3\u0142. Naszym celem nie jest zysk, ale przede wszystkim podkre\u015blanie jak wa\u017cne jest \u015bwiat\u0142o w \u017cyciu codziennym cz\u0142owieka. Tworzymy lekkie tre\u015bci edukacyjne dla wszystkich, dbaj\u0105c o to, by by\u0142y zarazem przyst\u0119pne i rzetelne.<\/p>\n<p>Na dzie\u0144 dzisiejszy wszystkie koszty prowadzenia strony (hosting, domena etc.) s\u0105 pokrywane przez autor\u00f3w. Luminforum jest wolne od konwencjonalnych reklam i chcemy, \u017ceby takie pozosta\u0142o. W przypadku nawi\u0105zania wsp\u00f3\u0142pracy zak\u0142adaj\u0105cej publikacj\u0119 sponsorowanych tre\u015bci, nasi czytelnicy zostan\u0105 o tym powiadomieni w danym artykule. To, co dla nas najwa\u017cniejsze, to m\u00f3c tworzy\u0107 interesuj\u0105ce tre\u015bci edukacyjne.<\/p>\n<p>Je\u015bli chcesz wesprze\u0107 finansowo nasz projekt i pom\u00f3c nam si\u0119 rozwija\u0107 mo\u017cesz zrobi\u0107 to za po\u015brednictwem serwisu <em><strong>buycoffee.to<\/strong><\/em>.<\/p>\n<p>Dzi\u0119kujemy za zainteresowanie nasz\u0105 dzia\u0142alno\u015bci\u0105, mamy nadziej\u0119 \u017ce zostaniesz z nami na d\u0142u\u017cej!<\/p>\t\t\t\t\t\t\t\t<\/div>\n\t\t\t\t<\/div>\n\t\t\t\t<div class=\"elementor-element elementor-element-db9a6af elementor-widget elementor-widget-text-editor\" data-id=\"db9a6af\" data-element_type=\"widget\" data-widget_type=\"text-editor.default\">\n\t\t\t\t<div class=\"elementor-widget-container\">\n\t\t\t\t\t\t\t\t\t<strong><em>Ekipa Luminforum<\/em><\/strong>\t\t\t\t\t\t\t\t<\/div>\n\t\t\t\t<\/div>\n\t\t\t\t\t<\/div>\n\t\t<\/div>\n\t\t\t\t\t<\/div>\n\t\t<\/section>\n\t\t\t\t<section class=\"elementor-section elementor-top-section elementor-element elementor-element-2ba9091 elementor-section-boxed elementor-section-height-default elementor-section-height-default\" data-id=\"2ba9091\" data-element_type=\"section\" data-settings=\"{&quot;background_background&quot;:&quot;classic&quot;}\">\n\t\t\t\t\t\t<div class=\"elementor-container elementor-column-gap-extended\">\n\t\t\t\t\t<div class=\"elementor-column elementor-col-50 elementor-top-column elementor-element elementor-element-b4253d2\" data-id=\"b4253d2\" data-element_type=\"column\">\n\t\t\t<div class=\"elementor-widget-wrap elementor-element-populated\">\n\t\t\t\t\t\t<div class=\"elementor-element elementor-element-a8b4486 elementor-widget elementor-widget-image\" data-id=\"a8b4486\" data-element_type=\"widget\" data-widget_type=\"image.default\">\n\t\t\t\t<div class=\"elementor-widget-container\">\n\t\t\t\t\t\t\t\t\t\t\t\t\t\t\t<img decoding=\"async\" src=\"https:\/\/luminforum.com\/pl\/wp-content\/uploads\/sites\/3\/2023\/01\/buy-coffee-to-luminforum.svg\" title=\"buy coffee to luminforum\" alt=\"buy coffee to luminforum\" class=\"elementor-animation-grow\" loading=\"lazy\" \/>\t\t\t\t\t\t\t\t\t\t\t\t\t\t\t<\/div>\n\t\t\t\t<\/div>\n\t\t\t\t\t<\/div>\n\t\t<\/div>\n\t\t\t\t<div class=\"elementor-column elementor-col-50 elementor-top-column elementor-element elementor-element-88218b2\" data-id=\"88218b2\" data-element_type=\"column\">\n\t\t\t<div class=\"elementor-widget-wrap elementor-element-populated\">\n\t\t\t\t\t\t<div class=\"elementor-element elementor-element-21f96a0 elementor-widget elementor-widget-text-editor\" data-id=\"21f96a0\" data-element_type=\"widget\" data-widget_type=\"text-editor.default\">\n\t\t\t\t<div class=\"elementor-widget-container\">\n\t\t\t\t\t\t\t\t\t<p>Wp\u0142a\u0107 darowizn\u0119:<\/p>\t\t\t\t\t\t\t\t<\/div>\n\t\t\t\t<\/div>\n\t\t\t\t<div class=\"elementor-element elementor-element-8ee2624 elementor-align-left elementor-mobile-align-center elementor-widget elementor-widget-button\" data-id=\"8ee2624\" data-element_type=\"widget\" data-widget_type=\"button.default\">\n\t\t\t\t<div class=\"elementor-widget-container\">\n\t\t\t\t\t\t\t\t\t<div class=\"elementor-button-wrapper\">\n\t\t\t\t\t<a class=\"elementor-button elementor-button-link elementor-size-md elementor-animation-grow\" href=\"https:\/\/www.buymeacoffee.com\/luminforum\">\n\t\t\t\t\t\t<span class=\"elementor-button-content-wrapper\">\n\t\t\t\t\t\t<span class=\"elementor-button-icon\">\n\t\t\t\t<svg xmlns=\"http:\/\/www.w3.org\/2000\/svg\" id=\"Warstwa_1\" viewBox=\"0 0 800 528.34\"><defs><style>.cls-1{fill:#2aab6b;}.cls-2{fill:#263f39;}<\/style><\/defs><path class=\"cls-2\" d=\"M646.21,143.28c-12.26,63.04-22.8,117.11-47.06,167.42-56.74,117.67-173.07,173.33-313.96,149.32-110.81-18.88-193.45-113.53-206.84-236.81-1.01-9.34-2.56-18.62-3.51-27.97-8.4-83.19,33.08-132.22,116.86-134.72,61.6-1.84,123.3-.55,184.96-.27,23.51,.11,42.25,9.2,42.89,35.29,.68,27.66-17.73,38.01-43.13,38.06-59.57,.13-119.13-.31-178.7,.18-44.89,.37-53.7,8.97-50.2,54.06,6.08,78.35,29.13,150.26,106.87,184.95,76.08,33.95,153.42,29.92,222.19-21.44,52.3-39.06,71.35-98.31,85.32-159.16,5.59-24.34,9.73-49.17,17.4-72.85,12.66-39.15,45.92-61.63,82.56-58.68,29.18,2.35,48.63,24.18,56.92,65.51,8.44,42.06,11.78,84.64,11.75,127.55-.01,24.41-10,42.11-35.13,43.01-27.46,.99-37.66-18.48-38.44-43.32-1.09-34.28,.5-68.77-10.74-110.12Z\"><\/path><path class=\"cls-1\" d=\"M487.94,132.92c-21.34-2.92-36.2-14.63-36.64-35.59-.47-22.02,12.53-37.74,36.23-37.67,21.46,.06,35.42,13,36.15,34.5,.78,23.12-13.55,35.39-35.74,38.76Z\"><\/path><\/svg>\t\t\t<\/span>\n\t\t\t\t\t\t\t\t\t<span class=\"elementor-button-text\">Postaw nam kaw\u0119<\/span>\n\t\t\t\t\t<\/span>\n\t\t\t\t\t<\/a>\n\t\t\t\t<\/div>\n\t\t\t\t\t\t\t\t<\/div>\n\t\t\t\t<\/div>\n\t\t\t\t<div class=\"elementor-element elementor-element-7bb705a elementor-widget elementor-widget-text-editor\" data-id=\"7bb705a\" data-element_type=\"widget\" data-widget_type=\"text-editor.default\">\n\t\t\t\t<div class=\"elementor-widget-container\">\n\t\t\t\t\t\t\t\t\t<p>Dzi\u0119ki!<\/p>\t\t\t\t\t\t\t\t<\/div>\n\t\t\t\t<\/div>\n\t\t\t\t\t<\/div>\n\t\t<\/div>\n\t\t\t\t\t<\/div>\n\t\t<\/section>\n\t\t\t\t<\/div>\n\t\t","protected":false},"excerpt":{"rendered":"<p>Wesprzyj nas Luminforum to niezale\u017cny projekt prowadzony przez pasjonata \u015bwiat\u0142a z pomoc\u0105 przyjaci\u00f3\u0142. Naszym celem nie jest zysk, ale przede wszystkim podkre\u015blanie jak wa\u017cne jest \u015bwiat\u0142o w \u017cyciu codziennym cz\u0142owieka. Tworzymy lekkie tre\u015bci edukacyjne dla wszystkich, dbaj\u0105c o to, by by\u0142y zarazem przyst\u0119pne i rzetelne. Na dzie\u0144 dzisiejszy wszystkie koszty prowadzenia strony (hosting, domena etc.)&hellip;&nbsp;<a href=\"https:\/\/luminforum.com\/pl\/wesprzyj-nas\/\" rel=\"bookmark\">Dowiedz si\u0119 wi\u0119cej &raquo;<span class=\"screen-reader-text\">Wesprzyj nas<\/span><\/a><\/p>\n","protected":false},"author":1,"featured_media":0,"parent":0,"menu_order":0,"comment_status":"closed","ping_status":"closed","template":"elementor_header_footer","meta":{"neve_meta_sidebar":"default","neve_meta_container":"default","neve_meta_enable_content_width":"off","neve_meta_content_width":70,"neve_meta_title_alignment":"","neve_meta_author_avatar":"","neve_post_elements_order":"","neve_meta_disable_header":"off","neve_meta_disable_footer":"off","neve_meta_disable_title":"off","footnotes":""},"class_list":["post-668","page","type-page","status-publish","hentry"],"_links":{"self":[{"href":"https:\/\/luminforum.com\/pl\/wp-json\/wp\/v2\/pages\/668","targetHints":{"allow":["GET"]}}],"collection":[{"href":"https:\/\/luminforum.com\/pl\/wp-json\/wp\/v2\/pages"}],"about":[{"href":"https:\/\/luminforum.com\/pl\/wp-json\/wp\/v2\/types\/page"}],"author":[{"embeddable":true,"href":"https:\/\/luminforum.com\/pl\/wp-json\/wp\/v2\/users\/1"}],"replies":[{"embeddable":true,"href":"https:\/\/luminforum.com\/pl\/wp-json\/wp\/v2\/comments?post=668"}],"version-history":[{"count":10,"href":"https:\/\/luminforum.com\/pl\/wp-json\/wp\/v2\/pages\/668\/revisions"}],"predecessor-version":[{"id":1393,"href":"https:\/\/luminforum.com\/pl\/wp-json\/wp\/v2\/pages\/668\/revisions\/1393"}],"wp:attachment":[{"href":"https:\/\/luminforum.com\/pl\/wp-json\/wp\/v2\/media?parent=668"}],"curies":[{"name":"wp","href":"https:\/\/api.w.org\/{rel}","templated":true}]}}